{"id":4281,"date":"2022-12-01T11:50:31","date_gmt":"2022-12-01T11:50:31","guid":{"rendered":"https:\/\/www.bestlogistics-north.gr\/logistique\/"},"modified":"2024-06-27T13:04:41","modified_gmt":"2024-06-27T13:04:41","slug":"logistique","status":"publish","type":"page","link":"https:\/\/www.bestlogistics-north.gr\/fr\/logistique\/","title":{"rendered":"Logistique"},"content":{"rendered":"\t\t<div data-elementor-type=\"wp-page\" data-elementor-id=\"4281\" class=\"elementor elementor-4281 elementor-1901\">\n\t\t\t\t\t\t\t\t\t<section class=\"elementor-section elementor-top-section elementor-element elementor-element-0df3c8c elementor-section-boxed elementor-section-height-default elementor-section-height-default\" data-id=\"0df3c8c\" data-element_type=\"section\">\n\t\t\t\t\t\t<div class=\"elementor-container elementor-column-gap-default\">\n\t\t\t\t\t<div class=\"elementor-column elementor-col-100 elementor-top-column elementor-element elementor-element-16e7a99\" data-id=\"16e7a99\" data-element_type=\"column\">\n\t\t\t<div class=\"elementor-widget-wrap elementor-element-populated\">\n\t\t\t\t\t\t\t\t<div class=\"elementor-element elementor-element-e38759a elementor-widget elementor-widget-heading\" data-id=\"e38759a\" data-element_type=\"widget\" data-widget_type=\"heading.default\">\n\t\t\t\t<div class=\"elementor-widget-container\">\n\t\t\t<style>\/*! elementor - v3.8.1 - 13-11-2022 *\/\n.elementor-heading-title{padding:0;margin:0;line-height:1}.elementor-widget-heading .elementor-heading-title[class*=elementor-size-]>a{color:inherit;font-size:inherit;line-height:inherit}.elementor-widget-heading .elementor-heading-title.elementor-size-small{font-size:15px}.elementor-widget-heading .elementor-heading-title.elementor-size-medium{font-size:19px}.elementor-widget-heading .elementor-heading-title.elementor-size-large{font-size:29px}.elementor-widget-heading .elementor-heading-title.elementor-size-xl{font-size:39px}.elementor-widget-heading .elementor-heading-title.elementor-size-xxl{font-size:59px}<\/style><h1 class=\"elementor-heading-title elementor-size-default\">Logistique<\/h1>\t\t<\/div>\n\t\t\t\t<\/div>\n\t\t\t\t<div class=\"elementor-element elementor-element-73694a0 elementor-widget-divider--view-line elementor-widget elementor-widget-divider\" data-id=\"73694a0\" data-element_type=\"widget\" data-widget_type=\"divider.default\">\n\t\t\t\t<div class=\"elementor-widget-container\">\n\t\t\t<style>\/*! elementor - v3.8.1 - 13-11-2022 *\/\n.elementor-widget-divider{--divider-border-style:none;--divider-border-width:1px;--divider-color:#2c2c2c;--divider-icon-size:20px;--divider-element-spacing:10px;--divider-pattern-height:24px;--divider-pattern-size:20px;--divider-pattern-url:none;--divider-pattern-repeat:repeat-x}.elementor-widget-divider .elementor-divider{display:-webkit-box;display:-ms-flexbox;display:flex}.elementor-widget-divider .elementor-divider__text{font-size:15px;line-height:1;max-width:95%}.elementor-widget-divider .elementor-divider__element{margin:0 var(--divider-element-spacing);-ms-flex-negative:0;flex-shrink:0}.elementor-widget-divider .elementor-icon{font-size:var(--divider-icon-size)}.elementor-widget-divider .elementor-divider-separator{display:-webkit-box;display:-ms-flexbox;display:flex;margin:0;direction:ltr}.elementor-widget-divider--view-line_icon .elementor-divider-separator,.elementor-widget-divider--view-line_text .elementor-divider-separator{-webkit-box-align:center;-ms-flex-align:center;align-items:center}.elementor-widget-divider--view-line_icon .elementor-divider-separator:after,.elementor-widget-divider--view-line_icon .elementor-divider-separator:before,.elementor-widget-divider--view-line_text .elementor-divider-separator:after,.elementor-widget-divider--view-line_text .elementor-divider-separator:before{display:block;content:\"\";border-bottom:0;-webkit-box-flex:1;-ms-flex-positive:1;flex-grow:1;border-top:var(--divider-border-width) var(--divider-border-style) var(--divider-color)}.elementor-widget-divider--element-align-left .elementor-divider .elementor-divider-separator>.elementor-divider__svg:first-of-type{-webkit-box-flex:0;-ms-flex-positive:0;flex-grow:0;-ms-flex-negative:100;flex-shrink:100}.elementor-widget-divider--element-align-left .elementor-divider-separator:before{content:none}.elementor-widget-divider--element-align-left .elementor-divider__element{margin-left:0}.elementor-widget-divider--element-align-right .elementor-divider .elementor-divider-separator>.elementor-divider__svg:last-of-type{-webkit-box-flex:0;-ms-flex-positive:0;flex-grow:0;-ms-flex-negative:100;flex-shrink:100}.elementor-widget-divider--element-align-right .elementor-divider-separator:after{content:none}.elementor-widget-divider--element-align-right .elementor-divider__element{margin-right:0}.elementor-widget-divider:not(.elementor-widget-divider--view-line_text):not(.elementor-widget-divider--view-line_icon) .elementor-divider-separator{border-top:var(--divider-border-width) var(--divider-border-style) var(--divider-color)}.elementor-widget-divider--separator-type-pattern{--divider-border-style:none}.elementor-widget-divider--separator-type-pattern.elementor-widget-divider--view-line .elementor-divider-separator,.elementor-widget-divider--separator-type-pattern:not(.elementor-widget-divider--view-line) .elementor-divider-separator:after,.elementor-widget-divider--separator-type-pattern:not(.elementor-widget-divider--view-line) .elementor-divider-separator:before,.elementor-widget-divider--separator-type-pattern:not([class*=elementor-widget-divider--view]) .elementor-divider-separator{width:100%;min-height:var(--divider-pattern-height);-webkit-mask-size:var(--divider-pattern-size) 100%;mask-size:var(--divider-pattern-size) 100%;-webkit-mask-repeat:var(--divider-pattern-repeat);mask-repeat:var(--divider-pattern-repeat);background-color:var(--divider-color);-webkit-mask-image:var(--divider-pattern-url);mask-image:var(--divider-pattern-url)}.elementor-widget-divider--no-spacing{--divider-pattern-size:auto}.elementor-widget-divider--bg-round{--divider-pattern-repeat:round}.rtl .elementor-widget-divider .elementor-divider__text{direction:rtl}.e-con-inner>.elementor-widget-divider,.e-con>.elementor-widget-divider{width:var(--container-widget-width,100%)}<\/style>\t\t<div class=\"elementor-divider\">\n\t\t\t<span class=\"elementor-divider-separator\">\n\t\t\t\t\t\t<\/span>\n\t\t<\/div>\n\t\t\t\t<\/div>\n\t\t\t\t<\/div>\n\t\t\t\t<section class=\"elementor-section elementor-inner-section elementor-element elementor-element-5e3550b elementor-section-boxed elementor-section-height-default elementor-section-height-default\" data-id=\"5e3550b\" data-element_type=\"section\">\n\t\t\t\t\t\t<div class=\"elementor-container elementor-column-gap-default\">\n\t\t\t\t\t<div class=\"elementor-column elementor-col-50 elementor-inner-column elementor-element elementor-element-01c77bc\" data-id=\"01c77bc\" data-element_type=\"column\">\n\t\t\t<div class=\"elementor-widget-wrap elementor-element-populated\">\n\t\t\t\t\t\t\t\t<div class=\"elementor-element elementor-element-8437bf2 elementor-widget elementor-widget-text-editor\" data-id=\"8437bf2\" data-element_type=\"widget\" data-widget_type=\"text-editor.default\">\n\t\t\t\t<div class=\"elementor-widget-container\">\n\t\t\t<style>\/*! elementor - v3.8.1 - 13-11-2022 *\/\n.elementor-widget-text-editor.elementor-drop-cap-view-stacked .elementor-drop-cap{background-color:#818a91;color:#fff}.elementor-widget-text-editor.elementor-drop-cap-view-framed .elementor-drop-cap{color:#818a91;border:3px solid;background-color:transparent}.elementor-widget-text-editor:not(.elementor-drop-cap-view-default) .elementor-drop-cap{margin-top:8px}.elementor-widget-text-editor:not(.elementor-drop-cap-view-default) .elementor-drop-cap-letter{width:1em;height:1em}.elementor-widget-text-editor .elementor-drop-cap{float:left;text-align:center;line-height:1;font-size:50px}.elementor-widget-text-editor .elementor-drop-cap-letter{display:inline-block}<\/style>\t\t\t\t<p>Nous collaborons avec des centres logistiques modernes dans la r\u00e9gion de Thessalonique (Gefyra et Kalochori) et d&rsquo;Ath\u00e8nes (Aspropyrgos et Oinophyta). Ces entrep\u00f4ts modernes disposent de services de stockage int\u00e9gr\u00e9s, qui sont mis \u00e0 la disposition de nos clients qui nous font confiance au niveau de la logistique tierce partie.<\/p>\n\t\t\t\t\t\t<\/div>\n\t\t\t\t<\/div>\n\t\t\t\t\t<\/div>\n\t\t<\/div>\n\t\t\t\t<div class=\"elementor-column elementor-col-50 elementor-inner-column elementor-element elementor-element-b8fb709\" data-id=\"b8fb709\" data-element_type=\"column\">\n\t\t\t<div class=\"elementor-widget-wrap elementor-element-populated\">\n\t\t\t\t\t\t\t\t<div class=\"elementor-element elementor-element-642a4f4 elementor-widget elementor-widget-image\" data-id=\"642a4f4\" data-element_type=\"widget\" data-widget_type=\"image.default\">\n\t\t\t\t<div class=\"elementor-widget-container\">\n\t\t\t<style>\/*! elementor - v3.8.1 - 13-11-2022 *\/\n.elementor-widget-image{text-align:center}.elementor-widget-image a{display:inline-block}.elementor-widget-image a img[src$=\".svg\"]{width:48px}.elementor-widget-image img{vertical-align:middle;display:inline-block}<\/style>\t\t\t\t\t\t\t\t\t\t\t\t<img decoding=\"async\" width=\"1024\" height=\"768\" src=\"https:\/\/www.bestlogistics-north.gr\/wp-content\/uploads\/2024\/01\/shutterstock_539530189-min-1024x768.jpg\" class=\"attachment-large size-large\" alt=\"\" srcset=\"https:\/\/www.bestlogistics-north.gr\/wp-content\/uploads\/2024\/01\/shutterstock_539530189-min-1024x768.jpg 1024w, https:\/\/www.bestlogistics-north.gr\/wp-content\/uploads\/2024\/01\/shutterstock_539530189-min-300x225.jpg 300w, https:\/\/www.bestlogistics-north.gr\/wp-content\/uploads\/2024\/01\/shutterstock_539530189-min-768x576.jpg 768w, https:\/\/www.bestlogistics-north.gr\/wp-content\/uploads\/2024\/01\/shutterstock_539530189-min-1536x1152.jpg 1536w, https:\/\/www.bestlogistics-north.gr\/wp-content\/uploads\/2024\/01\/shutterstock_539530189-min-2048x1536.jpg 2048w\" sizes=\"(max-width: 1024px) 100vw, 1024px\" \/>\t\t\t\t\t\t\t\t\t\t\t\t\t\t\t<\/div>\n\t\t\t\t<\/div>\n\t\t\t\t\t<\/div>\n\t\t<\/div>\n\t\t\t\t\t\t\t<\/div>\n\t\t<\/section>\n\t\t\t\t<section class=\"elementor-section elementor-inner-section elementor-element elementor-element-a84c9e8 elementor-section-boxed elementor-section-height-default elementor-section-height-default\" data-id=\"a84c9e8\" data-element_type=\"section\">\n\t\t\t\t\t\t<div class=\"elementor-container elementor-column-gap-default\">\n\t\t\t\t\t<div class=\"elementor-column elementor-col-50 elementor-inner-column elementor-element elementor-element-c2b090a\" data-id=\"c2b090a\" data-element_type=\"column\">\n\t\t\t<div class=\"elementor-widget-wrap elementor-element-populated\">\n\t\t\t\t\t\t\t\t<div class=\"elementor-element elementor-element-cfb81d7 elementor-widget elementor-widget-image\" data-id=\"cfb81d7\" data-element_type=\"widget\" data-widget_type=\"image.default\">\n\t\t\t\t<div class=\"elementor-widget-container\">\n\t\t\t\t\t\t\t\t\t\t\t\t\t\t\t<img decoding=\"async\" width=\"1024\" height=\"682\" src=\"https:\/\/www.bestlogistics-north.gr\/wp-content\/uploads\/2024\/01\/shutterstock_1915084129-min-1024x682.jpg\" class=\"attachment-large size-large\" alt=\"\" srcset=\"https:\/\/www.bestlogistics-north.gr\/wp-content\/uploads\/2024\/01\/shutterstock_1915084129-min-1024x682.jpg 1024w, https:\/\/www.bestlogistics-north.gr\/wp-content\/uploads\/2024\/01\/shutterstock_1915084129-min-300x200.jpg 300w, https:\/\/www.bestlogistics-north.gr\/wp-content\/uploads\/2024\/01\/shutterstock_1915084129-min-768x512.jpg 768w, https:\/\/www.bestlogistics-north.gr\/wp-content\/uploads\/2024\/01\/shutterstock_1915084129-min-1536x1024.jpg 1536w, https:\/\/www.bestlogistics-north.gr\/wp-content\/uploads\/2024\/01\/shutterstock_1915084129-min-2048x1365.jpg 2048w\" sizes=\"(max-width: 1024px) 100vw, 1024px\" \/>\t\t\t\t\t\t\t\t\t\t\t\t\t\t\t<\/div>\n\t\t\t\t<\/div>\n\t\t\t\t\t<\/div>\n\t\t<\/div>\n\t\t\t\t<div class=\"elementor-column elementor-col-50 elementor-inner-column elementor-element elementor-element-04e6d45\" data-id=\"04e6d45\" data-element_type=\"column\">\n\t\t\t<div class=\"elementor-widget-wrap elementor-element-populated\">\n\t\t\t\t\t\t\t\t<div class=\"elementor-element elementor-element-5fc5850 elementor-widget elementor-widget-text-editor\" data-id=\"5fc5850\" data-element_type=\"widget\" data-widget_type=\"text-editor.default\">\n\t\t\t\t<div class=\"elementor-widget-container\">\n\t\t\t\t\t\t\t<p>Dans la zone de stockage, l&rsquo;ordinateur est assist\u00e9 par un syst\u00e8me de gestion des stocks (WMS) moderne, qui permet la mise \u00e0 jour \u00e9lectronique du syst\u00e8me informatique du client avec des informations telles que : les niveaux de stock par code, les comptes comptables, les documents quotidiens (bons de livraison), etc.<\/p>\n<p>L&rsquo;entrep\u00f4t est \u00e9quip\u00e9 de syst\u00e8mes de s\u00e9curit\u00e9 et d&rsquo;une surveillance 24 heures sur 24, afin de prot\u00e9ger au mieux les marchandises qui y sont stock\u00e9es. En outre, une assurance compl\u00e8te a \u00e9t\u00e9 souscrite pour l&rsquo;ensemble des locaux et des biens entrepos\u00e9s.<\/p>\n\t\t\t\t\t\t<\/div>\n\t\t\t\t<\/div>\n\t\t\t\t\t<\/div>\n\t\t<\/div>\n\t\t\t\t\t\t\t<\/div>\n\t\t<\/section>\n\t\t\t\t\t<\/div>\n\t\t<\/div>\n\t\t\t\t\t\t\t<\/div>\n\t\t<\/section>\n\t\t\t\t\t\t\t<\/div>\n\t\t","protected":false},"excerpt":{"rendered":"<p>Logistique Nous collaborons avec des centres logistiques modernes dans la r\u00e9gion de Thessalonique (Gefyra et Kalochori) et d&rsquo;Ath\u00e8nes (Aspropyrgos et Oinophyta). Ces entrep\u00f4ts modernes disposent de services de stockage int\u00e9gr\u00e9s, qui sont mis \u00e0 la disposition de nos clients qui nous font confiance au niveau de la logistique tierce partie. Dans la zone de stockage, [&hellip;]<\/p>\n","protected":false},"author":1,"featured_media":0,"parent":0,"menu_order":0,"comment_status":"closed","ping_status":"closed","template":"","meta":{"site-sidebar-layout":"no-sidebar","site-content-layout":"page-builder","ast-global-header-display":"","ast-main-header-display":"","ast-hfb-above-header-display":"","ast-hfb-below-header-display":"","ast-hfb-mobile-header-display":"","site-post-title":"disabled","ast-breadcrumbs-content":"","ast-featured-img":"disabled","footer-sml-layout":"","theme-transparent-header-meta":"","adv-header-id-meta":"","stick-header-meta":"","header-above-stick-meta":"","header-main-stick-meta":"","header-below-stick-meta":""},"yoast_head":"<!-- This site is optimized with the Yoast SEO plugin v19.14 - https:\/\/yoast.com\/wordpress\/plugins\/seo\/ -->\n<title>Logistique - Best Logistics North<\/title>\n<meta name=\"robots\" content=\"index, follow, max-snippet:-1, max-image-preview:large, max-video-preview:-1\" \/>\n<link rel=\"canonical\" href=\"https:\/\/www.bestlogistics-north.gr\/fr\/logistique\/\" \/>\n<meta property=\"og:locale\" content=\"fr_FR\" \/>\n<meta property=\"og:type\" content=\"article\" \/>\n<meta property=\"og:title\" content=\"Logistique - Best Logistics North\" \/>\n<meta property=\"og:description\" content=\"Logistique Nous collaborons avec des centres logistiques modernes dans la r\u00e9gion de Thessalonique (Gefyra et Kalochori) et d&rsquo;Ath\u00e8nes (Aspropyrgos et Oinophyta). Ces entrep\u00f4ts modernes disposent de services de stockage int\u00e9gr\u00e9s, qui sont mis \u00e0 la disposition de nos clients qui nous font confiance au niveau de la logistique tierce partie. Dans la zone de stockage, [&hellip;]\" \/>\n<meta property=\"og:url\" content=\"https:\/\/www.bestlogistics-north.gr\/fr\/logistique\/\" \/>\n<meta property=\"og:site_name\" content=\"Best Logistics North\" \/>\n<meta property=\"article:modified_time\" content=\"2024-06-27T13:04:41+00:00\" \/>\n<meta property=\"og:image\" content=\"https:\/\/www.bestlogistics-north.gr\/wp-content\/uploads\/2024\/01\/shutterstock_539530189-min-1024x768.jpg\" \/>\n<meta name=\"twitter:card\" content=\"summary_large_image\" \/>\n<meta name=\"twitter:label1\" content=\"Dur\u00e9e de lecture estim\u00e9e\" \/>\n\t<meta name=\"twitter:data1\" content=\"1 minute\" \/>\n<script type=\"application\/ld+json\" class=\"yoast-schema-graph\">{\"@context\":\"https:\/\/schema.org\",\"@graph\":[{\"@type\":\"WebPage\",\"@id\":\"https:\/\/www.bestlogistics-north.gr\/fr\/logistique\/\",\"url\":\"https:\/\/www.bestlogistics-north.gr\/fr\/logistique\/\",\"name\":\"Logistique - Best Logistics North\",\"isPartOf\":{\"@id\":\"https:\/\/www.bestlogistics-north.gr\/#website\"},\"datePublished\":\"2022-12-01T11:50:31+00:00\",\"dateModified\":\"2024-06-27T13:04:41+00:00\",\"breadcrumb\":{\"@id\":\"https:\/\/www.bestlogistics-north.gr\/fr\/logistique\/#breadcrumb\"},\"inLanguage\":\"fr-FR\",\"potentialAction\":[{\"@type\":\"ReadAction\",\"target\":[\"https:\/\/www.bestlogistics-north.gr\/fr\/logistique\/\"]}]},{\"@type\":\"BreadcrumbList\",\"@id\":\"https:\/\/www.bestlogistics-north.gr\/fr\/logistique\/#breadcrumb\",\"itemListElement\":[{\"@type\":\"ListItem\",\"position\":1,\"name\":\"Home\",\"item\":\"https:\/\/www.bestlogistics-north.gr\/\"},{\"@type\":\"ListItem\",\"position\":2,\"name\":\"Logistique\"}]},{\"@type\":\"WebSite\",\"@id\":\"https:\/\/www.bestlogistics-north.gr\/#website\",\"url\":\"https:\/\/www.bestlogistics-north.gr\/\",\"name\":\"Best Logistics North\",\"description\":\"\",\"publisher\":{\"@id\":\"https:\/\/www.bestlogistics-north.gr\/#organization\"},\"potentialAction\":[{\"@type\":\"SearchAction\",\"target\":{\"@type\":\"EntryPoint\",\"urlTemplate\":\"https:\/\/www.bestlogistics-north.gr\/?s={search_term_string}\"},\"query-input\":\"required name=search_term_string\"}],\"inLanguage\":\"fr-FR\"},{\"@type\":\"Organization\",\"@id\":\"https:\/\/www.bestlogistics-north.gr\/#organization\",\"name\":\"Best Logistics North\",\"url\":\"https:\/\/www.bestlogistics-north.gr\/\",\"logo\":{\"@type\":\"ImageObject\",\"inLanguage\":\"fr-FR\",\"@id\":\"https:\/\/www.bestlogistics-north.gr\/#\/schema\/logo\/image\/\",\"url\":\"https:\/\/www.bestlogistics-north.gr\/wp-content\/uploads\/2022\/12\/logo.png\",\"contentUrl\":\"https:\/\/www.bestlogistics-north.gr\/wp-content\/uploads\/2022\/12\/logo.png\",\"width\":488,\"height\":84,\"caption\":\"Best Logistics North\"},\"image\":{\"@id\":\"https:\/\/www.bestlogistics-north.gr\/#\/schema\/logo\/image\/\"}}]}<\/script>\n<!-- \/ Yoast SEO plugin. -->","yoast_head_json":{"title":"Logistique - Best Logistics North","robots":{"index":"index","follow":"follow","max-snippet":"max-snippet:-1","max-image-preview":"max-image-preview:large","max-video-preview":"max-video-preview:-1"},"canonical":"https:\/\/www.bestlogistics-north.gr\/fr\/logistique\/","og_locale":"fr_FR","og_type":"article","og_title":"Logistique - Best Logistics North","og_description":"Logistique Nous collaborons avec des centres logistiques modernes dans la r\u00e9gion de Thessalonique (Gefyra et Kalochori) et d&rsquo;Ath\u00e8nes (Aspropyrgos et Oinophyta). Ces entrep\u00f4ts modernes disposent de services de stockage int\u00e9gr\u00e9s, qui sont mis \u00e0 la disposition de nos clients qui nous font confiance au niveau de la logistique tierce partie. Dans la zone de stockage, [&hellip;]","og_url":"https:\/\/www.bestlogistics-north.gr\/fr\/logistique\/","og_site_name":"Best Logistics North","article_modified_time":"2024-06-27T13:04:41+00:00","og_image":[{"url":"https:\/\/www.bestlogistics-north.gr\/wp-content\/uploads\/2024\/01\/shutterstock_539530189-min-1024x768.jpg"}],"twitter_card":"summary_large_image","twitter_misc":{"Dur\u00e9e de lecture estim\u00e9e":"1 minute"},"schema":{"@context":"https:\/\/schema.org","@graph":[{"@type":"WebPage","@id":"https:\/\/www.bestlogistics-north.gr\/fr\/logistique\/","url":"https:\/\/www.bestlogistics-north.gr\/fr\/logistique\/","name":"Logistique - Best Logistics North","isPartOf":{"@id":"https:\/\/www.bestlogistics-north.gr\/#website"},"datePublished":"2022-12-01T11:50:31+00:00","dateModified":"2024-06-27T13:04:41+00:00","breadcrumb":{"@id":"https:\/\/www.bestlogistics-north.gr\/fr\/logistique\/#breadcrumb"},"inLanguage":"fr-FR","potentialAction":[{"@type":"ReadAction","target":["https:\/\/www.bestlogistics-north.gr\/fr\/logistique\/"]}]},{"@type":"BreadcrumbList","@id":"https:\/\/www.bestlogistics-north.gr\/fr\/logistique\/#breadcrumb","itemListElement":[{"@type":"ListItem","position":1,"name":"Home","item":"https:\/\/www.bestlogistics-north.gr\/"},{"@type":"ListItem","position":2,"name":"Logistique"}]},{"@type":"WebSite","@id":"https:\/\/www.bestlogistics-north.gr\/#website","url":"https:\/\/www.bestlogistics-north.gr\/","name":"Best Logistics North","description":"","publisher":{"@id":"https:\/\/www.bestlogistics-north.gr\/#organization"},"potentialAction":[{"@type":"SearchAction","target":{"@type":"EntryPoint","urlTemplate":"https:\/\/www.bestlogistics-north.gr\/?s={search_term_string}"},"query-input":"required name=search_term_string"}],"inLanguage":"fr-FR"},{"@type":"Organization","@id":"https:\/\/www.bestlogistics-north.gr\/#organization","name":"Best Logistics North","url":"https:\/\/www.bestlogistics-north.gr\/","logo":{"@type":"ImageObject","inLanguage":"fr-FR","@id":"https:\/\/www.bestlogistics-north.gr\/#\/schema\/logo\/image\/","url":"https:\/\/www.bestlogistics-north.gr\/wp-content\/uploads\/2022\/12\/logo.png","contentUrl":"https:\/\/www.bestlogistics-north.gr\/wp-content\/uploads\/2022\/12\/logo.png","width":488,"height":84,"caption":"Best Logistics North"},"image":{"@id":"https:\/\/www.bestlogistics-north.gr\/#\/schema\/logo\/image\/"}}]}},"_links":{"self":[{"href":"https:\/\/www.bestlogistics-north.gr\/fr\/wp-json\/wp\/v2\/pages\/4281"}],"collection":[{"href":"https:\/\/www.bestlogistics-north.gr\/fr\/wp-json\/wp\/v2\/pages"}],"about":[{"href":"https:\/\/www.bestlogistics-north.gr\/fr\/wp-json\/wp\/v2\/types\/page"}],"author":[{"embeddable":true,"href":"https:\/\/www.bestlogistics-north.gr\/fr\/wp-json\/wp\/v2\/users\/1"}],"replies":[{"embeddable":true,"href":"https:\/\/www.bestlogistics-north.gr\/fr\/wp-json\/wp\/v2\/comments?post=4281"}],"version-history":[{"count":1,"href":"https:\/\/www.bestlogistics-north.gr\/fr\/wp-json\/wp\/v2\/pages\/4281\/revisions"}],"predecessor-version":[{"id":4287,"href":"https:\/\/www.bestlogistics-north.gr\/fr\/wp-json\/wp\/v2\/pages\/4281\/revisions\/4287"}],"wp:attachment":[{"href":"https:\/\/www.bestlogistics-north.gr\/fr\/wp-json\/wp\/v2\/media?parent=4281"}],"curies":[{"name":"wp","href":"https:\/\/api.w.org\/{rel}","templated":true}]}}