{"id":4276,"date":"2022-12-01T11:50:07","date_gmt":"2022-12-01T11:50:07","guid":{"rendered":"https:\/\/www.bestlogistics-north.gr\/distribution-domestique-et-entreposage\/"},"modified":"2024-06-27T13:03:15","modified_gmt":"2024-06-27T13:03:15","slug":"distribution-domestique-et-entreposage","status":"publish","type":"page","link":"https:\/\/www.bestlogistics-north.gr\/fr\/distribution-domestique-et-entreposage\/","title":{"rendered":"Distribution domestique et entreposage"},"content":{"rendered":"\t\t<div data-elementor-type=\"wp-page\" data-elementor-id=\"4276\" class=\"elementor elementor-4276 elementor-1897\">\n\t\t\t\t\t\t\t\t\t<section class=\"elementor-section elementor-top-section elementor-element elementor-element-1172bc3 elementor-section-boxed elementor-section-height-default elementor-section-height-default\" data-id=\"1172bc3\" data-element_type=\"section\">\n\t\t\t\t\t\t<div class=\"elementor-container elementor-column-gap-default\">\n\t\t\t\t\t<div class=\"elementor-column elementor-col-100 elementor-top-column elementor-element elementor-element-d6035cc\" data-id=\"d6035cc\" data-element_type=\"column\">\n\t\t\t<div class=\"elementor-widget-wrap elementor-element-populated\">\n\t\t\t\t\t\t\t\t<div class=\"elementor-element elementor-element-cc6fb61 elementor-widget elementor-widget-heading\" data-id=\"cc6fb61\" data-element_type=\"widget\" data-widget_type=\"heading.default\">\n\t\t\t\t<div class=\"elementor-widget-container\">\n\t\t\t<style>\/*! elementor - v3.8.1 - 13-11-2022 *\/\n.elementor-heading-title{padding:0;margin:0;line-height:1}.elementor-widget-heading .elementor-heading-title[class*=elementor-size-]>a{color:inherit;font-size:inherit;line-height:inherit}.elementor-widget-heading .elementor-heading-title.elementor-size-small{font-size:15px}.elementor-widget-heading .elementor-heading-title.elementor-size-medium{font-size:19px}.elementor-widget-heading .elementor-heading-title.elementor-size-large{font-size:29px}.elementor-widget-heading .elementor-heading-title.elementor-size-xl{font-size:39px}.elementor-widget-heading .elementor-heading-title.elementor-size-xxl{font-size:59px}<\/style><h1 class=\"elementor-heading-title elementor-size-default\">Distribution domestique et entreposage<\/h1>\t\t<\/div>\n\t\t\t\t<\/div>\n\t\t\t\t<div class=\"elementor-element elementor-element-7c0d4a0 elementor-widget elementor-widget-heading\" data-id=\"7c0d4a0\" data-element_type=\"widget\" data-widget_type=\"heading.default\">\n\t\t\t\t<div class=\"elementor-widget-container\">\n\t\t\t<h3 class=\"elementor-heading-title elementor-size-default\">L'excellence au meilleur de sa forme.<\/h3>\t\t<\/div>\n\t\t\t\t<\/div>\n\t\t\t\t<div class=\"elementor-element elementor-element-8adde2e elementor-widget-divider--view-line elementor-widget elementor-widget-divider\" data-id=\"8adde2e\" data-element_type=\"widget\" data-widget_type=\"divider.default\">\n\t\t\t\t<div class=\"elementor-widget-container\">\n\t\t\t<style>\/*! elementor - v3.8.1 - 13-11-2022 *\/\n.elementor-widget-divider{--divider-border-style:none;--divider-border-width:1px;--divider-color:#2c2c2c;--divider-icon-size:20px;--divider-element-spacing:10px;--divider-pattern-height:24px;--divider-pattern-size:20px;--divider-pattern-url:none;--divider-pattern-repeat:repeat-x}.elementor-widget-divider .elementor-divider{display:-webkit-box;display:-ms-flexbox;display:flex}.elementor-widget-divider .elementor-divider__text{font-size:15px;line-height:1;max-width:95%}.elementor-widget-divider .elementor-divider__element{margin:0 var(--divider-element-spacing);-ms-flex-negative:0;flex-shrink:0}.elementor-widget-divider .elementor-icon{font-size:var(--divider-icon-size)}.elementor-widget-divider .elementor-divider-separator{display:-webkit-box;display:-ms-flexbox;display:flex;margin:0;direction:ltr}.elementor-widget-divider--view-line_icon .elementor-divider-separator,.elementor-widget-divider--view-line_text .elementor-divider-separator{-webkit-box-align:center;-ms-flex-align:center;align-items:center}.elementor-widget-divider--view-line_icon .elementor-divider-separator:after,.elementor-widget-divider--view-line_icon .elementor-divider-separator:before,.elementor-widget-divider--view-line_text .elementor-divider-separator:after,.elementor-widget-divider--view-line_text .elementor-divider-separator:before{display:block;content:\"\";border-bottom:0;-webkit-box-flex:1;-ms-flex-positive:1;flex-grow:1;border-top:var(--divider-border-width) var(--divider-border-style) var(--divider-color)}.elementor-widget-divider--element-align-left .elementor-divider .elementor-divider-separator>.elementor-divider__svg:first-of-type{-webkit-box-flex:0;-ms-flex-positive:0;flex-grow:0;-ms-flex-negative:100;flex-shrink:100}.elementor-widget-divider--element-align-left .elementor-divider-separator:before{content:none}.elementor-widget-divider--element-align-left .elementor-divider__element{margin-left:0}.elementor-widget-divider--element-align-right .elementor-divider .elementor-divider-separator>.elementor-divider__svg:last-of-type{-webkit-box-flex:0;-ms-flex-positive:0;flex-grow:0;-ms-flex-negative:100;flex-shrink:100}.elementor-widget-divider--element-align-right .elementor-divider-separator:after{content:none}.elementor-widget-divider--element-align-right .elementor-divider__element{margin-right:0}.elementor-widget-divider:not(.elementor-widget-divider--view-line_text):not(.elementor-widget-divider--view-line_icon) .elementor-divider-separator{border-top:var(--divider-border-width) var(--divider-border-style) var(--divider-color)}.elementor-widget-divider--separator-type-pattern{--divider-border-style:none}.elementor-widget-divider--separator-type-pattern.elementor-widget-divider--view-line .elementor-divider-separator,.elementor-widget-divider--separator-type-pattern:not(.elementor-widget-divider--view-line) .elementor-divider-separator:after,.elementor-widget-divider--separator-type-pattern:not(.elementor-widget-divider--view-line) .elementor-divider-separator:before,.elementor-widget-divider--separator-type-pattern:not([class*=elementor-widget-divider--view]) .elementor-divider-separator{width:100%;min-height:var(--divider-pattern-height);-webkit-mask-size:var(--divider-pattern-size) 100%;mask-size:var(--divider-pattern-size) 100%;-webkit-mask-repeat:var(--divider-pattern-repeat);mask-repeat:var(--divider-pattern-repeat);background-color:var(--divider-color);-webkit-mask-image:var(--divider-pattern-url);mask-image:var(--divider-pattern-url)}.elementor-widget-divider--no-spacing{--divider-pattern-size:auto}.elementor-widget-divider--bg-round{--divider-pattern-repeat:round}.rtl .elementor-widget-divider .elementor-divider__text{direction:rtl}.e-con-inner>.elementor-widget-divider,.e-con>.elementor-widget-divider{width:var(--container-widget-width,100%)}<\/style>\t\t<div class=\"elementor-divider\">\n\t\t\t<span class=\"elementor-divider-separator\">\n\t\t\t\t\t\t<\/span>\n\t\t<\/div>\n\t\t\t\t<\/div>\n\t\t\t\t<\/div>\n\t\t\t\t<section class=\"elementor-section elementor-inner-section elementor-element elementor-element-63b6b53 elementor-section-boxed elementor-section-height-default elementor-section-height-default\" data-id=\"63b6b53\" data-element_type=\"section\">\n\t\t\t\t\t\t<div class=\"elementor-container elementor-column-gap-default\">\n\t\t\t\t\t<div class=\"elementor-column elementor-col-50 elementor-inner-column elementor-element elementor-element-08754d5\" data-id=\"08754d5\" data-element_type=\"column\">\n\t\t\t<div class=\"elementor-widget-wrap elementor-element-populated\">\n\t\t\t\t\t\t\t\t<div class=\"elementor-element elementor-element-76ea21e elementor-widget elementor-widget-text-editor\" data-id=\"76ea21e\" data-element_type=\"widget\" data-widget_type=\"text-editor.default\">\n\t\t\t\t<div class=\"elementor-widget-container\">\n\t\t\t<style>\/*! elementor - v3.8.1 - 13-11-2022 *\/\n.elementor-widget-text-editor.elementor-drop-cap-view-stacked .elementor-drop-cap{background-color:#818a91;color:#fff}.elementor-widget-text-editor.elementor-drop-cap-view-framed .elementor-drop-cap{color:#818a91;border:3px solid;background-color:transparent}.elementor-widget-text-editor:not(.elementor-drop-cap-view-default) .elementor-drop-cap{margin-top:8px}.elementor-widget-text-editor:not(.elementor-drop-cap-view-default) .elementor-drop-cap-letter{width:1em;height:1em}.elementor-widget-text-editor .elementor-drop-cap{float:left;text-align:center;line-height:1;font-size:50px}.elementor-widget-text-editor .elementor-drop-cap-letter{display:inline-block}<\/style>\t\t\t\t<p>Best Logistics North SA propose des services int\u00e9gr\u00e9s de distribution et d&rsquo;entreposage sur le territoire national, offrant des solutions de transport et de stockage fiables et efficaces pour vos marchandises en Gr\u00e8ce continentale et insulaire. Nos partenaires d\u00e9vou\u00e9s veillent \u00e0 ce que vos biens soient manipul\u00e9s avec le plus grand soin et livr\u00e9s en toute s\u00e9curit\u00e9 et \u00e0 temps \u00e0 leur destination finale. Que ce soit un carton, un chargement complet (FTL) ou une cargaison surdimensionn\u00e9e, notre \u00e9quipe exp\u00e9riment\u00e9e est \u00e9quip\u00e9e pour g\u00e9rer des envois de toute taille ou complexit\u00e9.<\/p>\n\t\t\t\t\t\t<\/div>\n\t\t\t\t<\/div>\n\t\t\t\t\t<\/div>\n\t\t<\/div>\n\t\t\t\t<div class=\"elementor-column elementor-col-50 elementor-inner-column elementor-element elementor-element-f136019\" data-id=\"f136019\" data-element_type=\"column\">\n\t\t\t<div class=\"elementor-widget-wrap elementor-element-populated\">\n\t\t\t\t\t\t\t\t<div class=\"elementor-element elementor-element-fa0c573 elementor-widget elementor-widget-image\" data-id=\"fa0c573\" data-element_type=\"widget\" data-widget_type=\"image.default\">\n\t\t\t\t<div class=\"elementor-widget-container\">\n\t\t\t<style>\/*! elementor - v3.8.1 - 13-11-2022 *\/\n.elementor-widget-image{text-align:center}.elementor-widget-image a{display:inline-block}.elementor-widget-image a img[src$=\".svg\"]{width:48px}.elementor-widget-image img{vertical-align:middle;display:inline-block}<\/style>\t\t\t\t\t\t\t\t\t\t\t\t<img decoding=\"async\" width=\"1024\" height=\"512\" src=\"https:\/\/www.bestlogistics-north.gr\/wp-content\/uploads\/2024\/01\/shutterstock_1005670573-min-1024x512.jpg\" class=\"attachment-large size-large\" alt=\"\" srcset=\"https:\/\/www.bestlogistics-north.gr\/wp-content\/uploads\/2024\/01\/shutterstock_1005670573-min-1024x512.jpg 1024w, https:\/\/www.bestlogistics-north.gr\/wp-content\/uploads\/2024\/01\/shutterstock_1005670573-min-300x150.jpg 300w, https:\/\/www.bestlogistics-north.gr\/wp-content\/uploads\/2024\/01\/shutterstock_1005670573-min-768x384.jpg 768w, https:\/\/www.bestlogistics-north.gr\/wp-content\/uploads\/2024\/01\/shutterstock_1005670573-min-1536x768.jpg 1536w, https:\/\/www.bestlogistics-north.gr\/wp-content\/uploads\/2024\/01\/shutterstock_1005670573-min-2048x1024.jpg 2048w\" sizes=\"(max-width: 1024px) 100vw, 1024px\" \/>\t\t\t\t\t\t\t\t\t\t\t\t\t\t\t<\/div>\n\t\t\t\t<\/div>\n\t\t\t\t\t<\/div>\n\t\t<\/div>\n\t\t\t\t\t\t\t<\/div>\n\t\t<\/section>\n\t\t\t\t<section class=\"elementor-section elementor-inner-section elementor-element elementor-element-4001050 elementor-section-boxed elementor-section-height-default elementor-section-height-default\" data-id=\"4001050\" data-element_type=\"section\">\n\t\t\t\t\t\t<div class=\"elementor-container elementor-column-gap-default\">\n\t\t\t\t\t<div class=\"elementor-column elementor-col-50 elementor-inner-column elementor-element elementor-element-877863f\" data-id=\"877863f\" data-element_type=\"column\">\n\t\t\t<div class=\"elementor-widget-wrap elementor-element-populated\">\n\t\t\t\t\t\t\t\t<div class=\"elementor-element elementor-element-c5051a4 elementor-widget elementor-widget-image\" data-id=\"c5051a4\" data-element_type=\"widget\" data-widget_type=\"image.default\">\n\t\t\t\t<div class=\"elementor-widget-container\">\n\t\t\t\t\t\t\t\t\t\t\t\t\t\t\t<img decoding=\"async\" width=\"1024\" height=\"786\" src=\"https:\/\/www.bestlogistics-north.gr\/wp-content\/uploads\/2024\/01\/shutterstock_1670162623-min-1024x786.jpg\" class=\"attachment-large size-large\" alt=\"\" srcset=\"https:\/\/www.bestlogistics-north.gr\/wp-content\/uploads\/2024\/01\/shutterstock_1670162623-min-1024x786.jpg 1024w, https:\/\/www.bestlogistics-north.gr\/wp-content\/uploads\/2024\/01\/shutterstock_1670162623-min-300x230.jpg 300w, https:\/\/www.bestlogistics-north.gr\/wp-content\/uploads\/2024\/01\/shutterstock_1670162623-min-768x589.jpg 768w, https:\/\/www.bestlogistics-north.gr\/wp-content\/uploads\/2024\/01\/shutterstock_1670162623-min-1536x1179.jpg 1536w, https:\/\/www.bestlogistics-north.gr\/wp-content\/uploads\/2024\/01\/shutterstock_1670162623-min-2048x1572.jpg 2048w\" sizes=\"(max-width: 1024px) 100vw, 1024px\" \/>\t\t\t\t\t\t\t\t\t\t\t\t\t\t\t<\/div>\n\t\t\t\t<\/div>\n\t\t\t\t\t<\/div>\n\t\t<\/div>\n\t\t\t\t<div class=\"elementor-column elementor-col-50 elementor-inner-column elementor-element elementor-element-d71e2fe\" data-id=\"d71e2fe\" data-element_type=\"column\">\n\t\t\t<div class=\"elementor-widget-wrap elementor-element-populated\">\n\t\t\t\t\t\t\t\t<div class=\"elementor-element elementor-element-79459a3 elementor-widget elementor-widget-text-editor\" data-id=\"79459a3\" data-element_type=\"widget\" data-widget_type=\"text-editor.default\">\n\t\t\t\t<div class=\"elementor-widget-container\">\n\t\t\t\t\t\t\t<p>En plus de nos services de distribution domestique, nous proposons \u00e9galement des solutions d&rsquo;entreposage compl\u00e8tes. Nos entrep\u00f4ts modernes et s\u00e9curis\u00e9s sont situ\u00e9s \u00e0 des endroits strat\u00e9giques et sont g\u00e9r\u00e9s par une \u00e9quipe d\u00e9vou\u00e9e. Que vous ayez besoin d&rsquo;un stockage \u00e0 court terme ou \u00e0 long terme, nous vous proposons des solutions flexibles pour r\u00e9pondre \u00e0 vos besoins.<\/p>\n\t\t\t\t\t\t<\/div>\n\t\t\t\t<\/div>\n\t\t\t\t\t<\/div>\n\t\t<\/div>\n\t\t\t\t\t\t\t<\/div>\n\t\t<\/section>\n\t\t\t\t\t<\/div>\n\t\t<\/div>\n\t\t\t\t\t\t\t<\/div>\n\t\t<\/section>\n\t\t\t\t\t\t\t<\/div>\n\t\t","protected":false},"excerpt":{"rendered":"<p>Distribution domestique et entreposage L&rsquo;excellence au meilleur de sa forme. Best Logistics North SA propose des services int\u00e9gr\u00e9s de distribution et d&rsquo;entreposage sur le territoire national, offrant des solutions de transport et de stockage fiables et efficaces pour vos marchandises en Gr\u00e8ce continentale et insulaire. Nos partenaires d\u00e9vou\u00e9s veillent \u00e0 ce que vos biens soient [&hellip;]<\/p>\n","protected":false},"author":1,"featured_media":0,"parent":0,"menu_order":0,"comment_status":"closed","ping_status":"closed","template":"","meta":{"site-sidebar-layout":"no-sidebar","site-content-layout":"page-builder","ast-global-header-display":"","ast-main-header-display":"","ast-hfb-above-header-display":"","ast-hfb-below-header-display":"","ast-hfb-mobile-header-display":"","site-post-title":"disabled","ast-breadcrumbs-content":"","ast-featured-img":"disabled","footer-sml-layout":"","theme-transparent-header-meta":"","adv-header-id-meta":"","stick-header-meta":"","header-above-stick-meta":"","header-main-stick-meta":"","header-below-stick-meta":""},"yoast_head":"<!-- This site is optimized with the Yoast SEO plugin v19.14 - https:\/\/yoast.com\/wordpress\/plugins\/seo\/ -->\n<title>Distribution domestique et entreposage - Best Logistics North<\/title>\n<meta name=\"robots\" content=\"index, follow, max-snippet:-1, max-image-preview:large, max-video-preview:-1\" \/>\n<link rel=\"canonical\" href=\"https:\/\/www.bestlogistics-north.gr\/fr\/distribution-domestique-et-entreposage\/\" \/>\n<meta property=\"og:locale\" content=\"fr_FR\" \/>\n<meta property=\"og:type\" content=\"article\" \/>\n<meta property=\"og:title\" content=\"Distribution domestique et entreposage - Best Logistics North\" \/>\n<meta property=\"og:description\" content=\"Distribution domestique et entreposage L&rsquo;excellence au meilleur de sa forme. Best Logistics North SA propose des services int\u00e9gr\u00e9s de distribution et d&rsquo;entreposage sur le territoire national, offrant des solutions de transport et de stockage fiables et efficaces pour vos marchandises en Gr\u00e8ce continentale et insulaire. Nos partenaires d\u00e9vou\u00e9s veillent \u00e0 ce que vos biens soient [&hellip;]\" \/>\n<meta property=\"og:url\" content=\"https:\/\/www.bestlogistics-north.gr\/fr\/distribution-domestique-et-entreposage\/\" \/>\n<meta property=\"og:site_name\" content=\"Best Logistics North\" \/>\n<meta property=\"article:modified_time\" content=\"2024-06-27T13:03:15+00:00\" \/>\n<meta property=\"og:image\" content=\"https:\/\/www.bestlogistics-north.gr\/wp-content\/uploads\/2024\/01\/shutterstock_1005670573-min-1024x512.jpg\" \/>\n<meta name=\"twitter:card\" content=\"summary_large_image\" \/>\n<meta name=\"twitter:label1\" content=\"Dur\u00e9e de lecture estim\u00e9e\" \/>\n\t<meta name=\"twitter:data1\" content=\"1 minute\" \/>\n<script type=\"application\/ld+json\" class=\"yoast-schema-graph\">{\"@context\":\"https:\/\/schema.org\",\"@graph\":[{\"@type\":\"WebPage\",\"@id\":\"https:\/\/www.bestlogistics-north.gr\/fr\/distribution-domestique-et-entreposage\/\",\"url\":\"https:\/\/www.bestlogistics-north.gr\/fr\/distribution-domestique-et-entreposage\/\",\"name\":\"Distribution domestique et entreposage - Best Logistics North\",\"isPartOf\":{\"@id\":\"https:\/\/www.bestlogistics-north.gr\/#website\"},\"datePublished\":\"2022-12-01T11:50:07+00:00\",\"dateModified\":\"2024-06-27T13:03:15+00:00\",\"breadcrumb\":{\"@id\":\"https:\/\/www.bestlogistics-north.gr\/fr\/distribution-domestique-et-entreposage\/#breadcrumb\"},\"inLanguage\":\"fr-FR\",\"potentialAction\":[{\"@type\":\"ReadAction\",\"target\":[\"https:\/\/www.bestlogistics-north.gr\/fr\/distribution-domestique-et-entreposage\/\"]}]},{\"@type\":\"BreadcrumbList\",\"@id\":\"https:\/\/www.bestlogistics-north.gr\/fr\/distribution-domestique-et-entreposage\/#breadcrumb\",\"itemListElement\":[{\"@type\":\"ListItem\",\"position\":1,\"name\":\"Home\",\"item\":\"https:\/\/www.bestlogistics-north.gr\/\"},{\"@type\":\"ListItem\",\"position\":2,\"name\":\"Distribution domestique et entreposage\"}]},{\"@type\":\"WebSite\",\"@id\":\"https:\/\/www.bestlogistics-north.gr\/#website\",\"url\":\"https:\/\/www.bestlogistics-north.gr\/\",\"name\":\"Best Logistics North\",\"description\":\"\",\"publisher\":{\"@id\":\"https:\/\/www.bestlogistics-north.gr\/#organization\"},\"potentialAction\":[{\"@type\":\"SearchAction\",\"target\":{\"@type\":\"EntryPoint\",\"urlTemplate\":\"https:\/\/www.bestlogistics-north.gr\/?s={search_term_string}\"},\"query-input\":\"required name=search_term_string\"}],\"inLanguage\":\"fr-FR\"},{\"@type\":\"Organization\",\"@id\":\"https:\/\/www.bestlogistics-north.gr\/#organization\",\"name\":\"Best Logistics North\",\"url\":\"https:\/\/www.bestlogistics-north.gr\/\",\"logo\":{\"@type\":\"ImageObject\",\"inLanguage\":\"fr-FR\",\"@id\":\"https:\/\/www.bestlogistics-north.gr\/#\/schema\/logo\/image\/\",\"url\":\"https:\/\/www.bestlogistics-north.gr\/wp-content\/uploads\/2022\/12\/logo.png\",\"contentUrl\":\"https:\/\/www.bestlogistics-north.gr\/wp-content\/uploads\/2022\/12\/logo.png\",\"width\":488,\"height\":84,\"caption\":\"Best Logistics North\"},\"image\":{\"@id\":\"https:\/\/www.bestlogistics-north.gr\/#\/schema\/logo\/image\/\"}}]}<\/script>\n<!-- \/ Yoast SEO plugin. -->","yoast_head_json":{"title":"Distribution domestique et entreposage - Best Logistics North","robots":{"index":"index","follow":"follow","max-snippet":"max-snippet:-1","max-image-preview":"max-image-preview:large","max-video-preview":"max-video-preview:-1"},"canonical":"https:\/\/www.bestlogistics-north.gr\/fr\/distribution-domestique-et-entreposage\/","og_locale":"fr_FR","og_type":"article","og_title":"Distribution domestique et entreposage - Best Logistics North","og_description":"Distribution domestique et entreposage L&rsquo;excellence au meilleur de sa forme. Best Logistics North SA propose des services int\u00e9gr\u00e9s de distribution et d&rsquo;entreposage sur le territoire national, offrant des solutions de transport et de stockage fiables et efficaces pour vos marchandises en Gr\u00e8ce continentale et insulaire. Nos partenaires d\u00e9vou\u00e9s veillent \u00e0 ce que vos biens soient [&hellip;]","og_url":"https:\/\/www.bestlogistics-north.gr\/fr\/distribution-domestique-et-entreposage\/","og_site_name":"Best Logistics North","article_modified_time":"2024-06-27T13:03:15+00:00","og_image":[{"url":"https:\/\/www.bestlogistics-north.gr\/wp-content\/uploads\/2024\/01\/shutterstock_1005670573-min-1024x512.jpg"}],"twitter_card":"summary_large_image","twitter_misc":{"Dur\u00e9e de lecture estim\u00e9e":"1 minute"},"schema":{"@context":"https:\/\/schema.org","@graph":[{"@type":"WebPage","@id":"https:\/\/www.bestlogistics-north.gr\/fr\/distribution-domestique-et-entreposage\/","url":"https:\/\/www.bestlogistics-north.gr\/fr\/distribution-domestique-et-entreposage\/","name":"Distribution domestique et entreposage - Best Logistics North","isPartOf":{"@id":"https:\/\/www.bestlogistics-north.gr\/#website"},"datePublished":"2022-12-01T11:50:07+00:00","dateModified":"2024-06-27T13:03:15+00:00","breadcrumb":{"@id":"https:\/\/www.bestlogistics-north.gr\/fr\/distribution-domestique-et-entreposage\/#breadcrumb"},"inLanguage":"fr-FR","potentialAction":[{"@type":"ReadAction","target":["https:\/\/www.bestlogistics-north.gr\/fr\/distribution-domestique-et-entreposage\/"]}]},{"@type":"BreadcrumbList","@id":"https:\/\/www.bestlogistics-north.gr\/fr\/distribution-domestique-et-entreposage\/#breadcrumb","itemListElement":[{"@type":"ListItem","position":1,"name":"Home","item":"https:\/\/www.bestlogistics-north.gr\/"},{"@type":"ListItem","position":2,"name":"Distribution domestique et entreposage"}]},{"@type":"WebSite","@id":"https:\/\/www.bestlogistics-north.gr\/#website","url":"https:\/\/www.bestlogistics-north.gr\/","name":"Best Logistics North","description":"","publisher":{"@id":"https:\/\/www.bestlogistics-north.gr\/#organization"},"potentialAction":[{"@type":"SearchAction","target":{"@type":"EntryPoint","urlTemplate":"https:\/\/www.bestlogistics-north.gr\/?s={search_term_string}"},"query-input":"required name=search_term_string"}],"inLanguage":"fr-FR"},{"@type":"Organization","@id":"https:\/\/www.bestlogistics-north.gr\/#organization","name":"Best Logistics North","url":"https:\/\/www.bestlogistics-north.gr\/","logo":{"@type":"ImageObject","inLanguage":"fr-FR","@id":"https:\/\/www.bestlogistics-north.gr\/#\/schema\/logo\/image\/","url":"https:\/\/www.bestlogistics-north.gr\/wp-content\/uploads\/2022\/12\/logo.png","contentUrl":"https:\/\/www.bestlogistics-north.gr\/wp-content\/uploads\/2022\/12\/logo.png","width":488,"height":84,"caption":"Best Logistics North"},"image":{"@id":"https:\/\/www.bestlogistics-north.gr\/#\/schema\/logo\/image\/"}}]}},"_links":{"self":[{"href":"https:\/\/www.bestlogistics-north.gr\/fr\/wp-json\/wp\/v2\/pages\/4276"}],"collection":[{"href":"https:\/\/www.bestlogistics-north.gr\/fr\/wp-json\/wp\/v2\/pages"}],"about":[{"href":"https:\/\/www.bestlogistics-north.gr\/fr\/wp-json\/wp\/v2\/types\/page"}],"author":[{"embeddable":true,"href":"https:\/\/www.bestlogistics-north.gr\/fr\/wp-json\/wp\/v2\/users\/1"}],"replies":[{"embeddable":true,"href":"https:\/\/www.bestlogistics-north.gr\/fr\/wp-json\/wp\/v2\/comments?post=4276"}],"version-history":[{"count":1,"href":"https:\/\/www.bestlogistics-north.gr\/fr\/wp-json\/wp\/v2\/pages\/4276\/revisions"}],"predecessor-version":[{"id":4280,"href":"https:\/\/www.bestlogistics-north.gr\/fr\/wp-json\/wp\/v2\/pages\/4276\/revisions\/4280"}],"wp:attachment":[{"href":"https:\/\/www.bestlogistics-north.gr\/fr\/wp-json\/wp\/v2\/media?parent=4276"}],"curies":[{"name":"wp","href":"https:\/\/api.w.org\/{rel}","templated":true}]}}