{"id":4269,"date":"2022-12-01T11:49:50","date_gmt":"2022-12-01T11:49:50","guid":{"rendered":"https:\/\/www.bestlogistics-north.gr\/transport-maritime\/"},"modified":"2024-06-27T13:01:44","modified_gmt":"2024-06-27T13:01:44","slug":"transport-maritime","status":"publish","type":"page","link":"https:\/\/www.bestlogistics-north.gr\/fr\/transport-maritime\/","title":{"rendered":"Transport maritime"},"content":{"rendered":"\t\t<div data-elementor-type=\"wp-page\" data-elementor-id=\"4269\" class=\"elementor elementor-4269 elementor-1911\">\n\t\t\t\t\t\t\t\t\t<section class=\"elementor-section elementor-top-section elementor-element elementor-element-f585bba elementor-section-boxed elementor-section-height-default elementor-section-height-default\" data-id=\"f585bba\" data-element_type=\"section\">\n\t\t\t\t\t\t<div class=\"elementor-container elementor-column-gap-default\">\n\t\t\t\t\t<div class=\"elementor-column elementor-col-100 elementor-top-column elementor-element elementor-element-fdc01a4\" data-id=\"fdc01a4\" data-element_type=\"column\">\n\t\t\t<div class=\"elementor-widget-wrap elementor-element-populated\">\n\t\t\t\t\t\t\t\t<div class=\"elementor-element elementor-element-05e672a elementor-widget elementor-widget-heading\" data-id=\"05e672a\" data-element_type=\"widget\" data-widget_type=\"heading.default\">\n\t\t\t\t<div class=\"elementor-widget-container\">\n\t\t\t<style>\/*! elementor - v3.8.1 - 13-11-2022 *\/\n.elementor-heading-title{padding:0;margin:0;line-height:1}.elementor-widget-heading .elementor-heading-title[class*=elementor-size-]>a{color:inherit;font-size:inherit;line-height:inherit}.elementor-widget-heading .elementor-heading-title.elementor-size-small{font-size:15px}.elementor-widget-heading .elementor-heading-title.elementor-size-medium{font-size:19px}.elementor-widget-heading .elementor-heading-title.elementor-size-large{font-size:29px}.elementor-widget-heading .elementor-heading-title.elementor-size-xl{font-size:39px}.elementor-widget-heading .elementor-heading-title.elementor-size-xxl{font-size:59px}<\/style><h1 class=\"elementor-heading-title elementor-size-default\">Transport maritime<\/h1>\t\t<\/div>\n\t\t\t\t<\/div>\n\t\t\t\t<div class=\"elementor-element elementor-element-75d4211 elementor-widget elementor-widget-heading\" data-id=\"75d4211\" data-element_type=\"widget\" data-widget_type=\"heading.default\">\n\t\t\t\t<div class=\"elementor-widget-container\">\n\t\t\t<h3 class=\"elementor-heading-title elementor-size-default\">Votre partenaire de confiance dans les solutions de transport<\/h3>\t\t<\/div>\n\t\t\t\t<\/div>\n\t\t\t\t<div class=\"elementor-element elementor-element-be9f310 elementor-widget-divider--view-line elementor-widget elementor-widget-divider\" data-id=\"be9f310\" data-element_type=\"widget\" data-widget_type=\"divider.default\">\n\t\t\t\t<div class=\"elementor-widget-container\">\n\t\t\t<style>\/*! elementor - v3.8.1 - 13-11-2022 *\/\n.elementor-widget-divider{--divider-border-style:none;--divider-border-width:1px;--divider-color:#2c2c2c;--divider-icon-size:20px;--divider-element-spacing:10px;--divider-pattern-height:24px;--divider-pattern-size:20px;--divider-pattern-url:none;--divider-pattern-repeat:repeat-x}.elementor-widget-divider .elementor-divider{display:-webkit-box;display:-ms-flexbox;display:flex}.elementor-widget-divider .elementor-divider__text{font-size:15px;line-height:1;max-width:95%}.elementor-widget-divider .elementor-divider__element{margin:0 var(--divider-element-spacing);-ms-flex-negative:0;flex-shrink:0}.elementor-widget-divider .elementor-icon{font-size:var(--divider-icon-size)}.elementor-widget-divider .elementor-divider-separator{display:-webkit-box;display:-ms-flexbox;display:flex;margin:0;direction:ltr}.elementor-widget-divider--view-line_icon .elementor-divider-separator,.elementor-widget-divider--view-line_text .elementor-divider-separator{-webkit-box-align:center;-ms-flex-align:center;align-items:center}.elementor-widget-divider--view-line_icon .elementor-divider-separator:after,.elementor-widget-divider--view-line_icon .elementor-divider-separator:before,.elementor-widget-divider--view-line_text .elementor-divider-separator:after,.elementor-widget-divider--view-line_text .elementor-divider-separator:before{display:block;content:\"\";border-bottom:0;-webkit-box-flex:1;-ms-flex-positive:1;flex-grow:1;border-top:var(--divider-border-width) var(--divider-border-style) var(--divider-color)}.elementor-widget-divider--element-align-left .elementor-divider .elementor-divider-separator>.elementor-divider__svg:first-of-type{-webkit-box-flex:0;-ms-flex-positive:0;flex-grow:0;-ms-flex-negative:100;flex-shrink:100}.elementor-widget-divider--element-align-left .elementor-divider-separator:before{content:none}.elementor-widget-divider--element-align-left .elementor-divider__element{margin-left:0}.elementor-widget-divider--element-align-right .elementor-divider .elementor-divider-separator>.elementor-divider__svg:last-of-type{-webkit-box-flex:0;-ms-flex-positive:0;flex-grow:0;-ms-flex-negative:100;flex-shrink:100}.elementor-widget-divider--element-align-right .elementor-divider-separator:after{content:none}.elementor-widget-divider--element-align-right .elementor-divider__element{margin-right:0}.elementor-widget-divider:not(.elementor-widget-divider--view-line_text):not(.elementor-widget-divider--view-line_icon) .elementor-divider-separator{border-top:var(--divider-border-width) var(--divider-border-style) var(--divider-color)}.elementor-widget-divider--separator-type-pattern{--divider-border-style:none}.elementor-widget-divider--separator-type-pattern.elementor-widget-divider--view-line .elementor-divider-separator,.elementor-widget-divider--separator-type-pattern:not(.elementor-widget-divider--view-line) .elementor-divider-separator:after,.elementor-widget-divider--separator-type-pattern:not(.elementor-widget-divider--view-line) .elementor-divider-separator:before,.elementor-widget-divider--separator-type-pattern:not([class*=elementor-widget-divider--view]) .elementor-divider-separator{width:100%;min-height:var(--divider-pattern-height);-webkit-mask-size:var(--divider-pattern-size) 100%;mask-size:var(--divider-pattern-size) 100%;-webkit-mask-repeat:var(--divider-pattern-repeat);mask-repeat:var(--divider-pattern-repeat);background-color:var(--divider-color);-webkit-mask-image:var(--divider-pattern-url);mask-image:var(--divider-pattern-url)}.elementor-widget-divider--no-spacing{--divider-pattern-size:auto}.elementor-widget-divider--bg-round{--divider-pattern-repeat:round}.rtl .elementor-widget-divider .elementor-divider__text{direction:rtl}.e-con-inner>.elementor-widget-divider,.e-con>.elementor-widget-divider{width:var(--container-widget-width,100%)}<\/style>\t\t<div class=\"elementor-divider\">\n\t\t\t<span class=\"elementor-divider-separator\">\n\t\t\t\t\t\t<\/span>\n\t\t<\/div>\n\t\t\t\t<\/div>\n\t\t\t\t<\/div>\n\t\t\t\t<section class=\"elementor-section elementor-inner-section elementor-element elementor-element-6d6b89f elementor-section-boxed elementor-section-height-default elementor-section-height-default\" data-id=\"6d6b89f\" data-element_type=\"section\">\n\t\t\t\t\t\t<div class=\"elementor-container elementor-column-gap-default\">\n\t\t\t\t\t<div class=\"elementor-column elementor-col-50 elementor-inner-column elementor-element elementor-element-5320e8e\" data-id=\"5320e8e\" data-element_type=\"column\">\n\t\t\t<div class=\"elementor-widget-wrap elementor-element-populated\">\n\t\t\t\t\t\t\t\t<div class=\"elementor-element elementor-element-e40d230 elementor-widget elementor-widget-text-editor\" data-id=\"e40d230\" data-element_type=\"widget\" data-widget_type=\"text-editor.default\">\n\t\t\t\t<div class=\"elementor-widget-container\">\n\t\t\t<style>\/*! elementor - v3.8.1 - 13-11-2022 *\/\n.elementor-widget-text-editor.elementor-drop-cap-view-stacked .elementor-drop-cap{background-color:#818a91;color:#fff}.elementor-widget-text-editor.elementor-drop-cap-view-framed .elementor-drop-cap{color:#818a91;border:3px solid;background-color:transparent}.elementor-widget-text-editor:not(.elementor-drop-cap-view-default) .elementor-drop-cap{margin-top:8px}.elementor-widget-text-editor:not(.elementor-drop-cap-view-default) .elementor-drop-cap-letter{width:1em;height:1em}.elementor-widget-text-editor .elementor-drop-cap{float:left;text-align:center;line-height:1;font-size:50px}.elementor-widget-text-editor .elementor-drop-cap-letter{display:inline-block}<\/style>\t\t\t\t<p>Chez Best Logistics North SA, nous sommes sp\u00e9cialis\u00e9s dans la fourniture de services exceptionnels de transport maritime adapt\u00e9s \u00e0 vos besoins d&rsquo;exp\u00e9dition, avec un accent particulier sur la route de l&rsquo;Europe vers Chypre et vice versa.<\/p>\n\t\t\t\t\t\t<\/div>\n\t\t\t\t<\/div>\n\t\t\t\t\t<\/div>\n\t\t<\/div>\n\t\t\t\t<div class=\"elementor-column elementor-col-50 elementor-inner-column elementor-element elementor-element-223c9bf\" data-id=\"223c9bf\" data-element_type=\"column\">\n\t\t\t<div class=\"elementor-widget-wrap elementor-element-populated\">\n\t\t\t\t\t\t\t\t<div class=\"elementor-element elementor-element-068721f elementor-widget elementor-widget-image\" data-id=\"068721f\" data-element_type=\"widget\" data-widget_type=\"image.default\">\n\t\t\t\t<div class=\"elementor-widget-container\">\n\t\t\t<style>\/*! elementor - v3.8.1 - 13-11-2022 *\/\n.elementor-widget-image{text-align:center}.elementor-widget-image a{display:inline-block}.elementor-widget-image a img[src$=\".svg\"]{width:48px}.elementor-widget-image img{vertical-align:middle;display:inline-block}<\/style>\t\t\t\t\t\t\t\t\t\t\t\t<img decoding=\"async\" width=\"1024\" height=\"576\" src=\"https:\/\/www.bestlogistics-north.gr\/wp-content\/uploads\/2024\/01\/shutterstock_1617601840-min-1024x576.jpg\" class=\"attachment-large size-large\" alt=\"\" srcset=\"https:\/\/www.bestlogistics-north.gr\/wp-content\/uploads\/2024\/01\/shutterstock_1617601840-min-1024x576.jpg 1024w, https:\/\/www.bestlogistics-north.gr\/wp-content\/uploads\/2024\/01\/shutterstock_1617601840-min-300x169.jpg 300w, https:\/\/www.bestlogistics-north.gr\/wp-content\/uploads\/2024\/01\/shutterstock_1617601840-min-768x432.jpg 768w, https:\/\/www.bestlogistics-north.gr\/wp-content\/uploads\/2024\/01\/shutterstock_1617601840-min-1536x864.jpg 1536w, https:\/\/www.bestlogistics-north.gr\/wp-content\/uploads\/2024\/01\/shutterstock_1617601840-min-2048x1152.jpg 2048w\" sizes=\"(max-width: 1024px) 100vw, 1024px\" \/>\t\t\t\t\t\t\t\t\t\t\t\t\t\t\t<\/div>\n\t\t\t\t<\/div>\n\t\t\t\t\t<\/div>\n\t\t<\/div>\n\t\t\t\t\t\t\t<\/div>\n\t\t<\/section>\n\t\t\t\t<section class=\"elementor-section elementor-inner-section elementor-element elementor-element-6996d4d elementor-section-boxed elementor-section-height-default elementor-section-height-default\" data-id=\"6996d4d\" data-element_type=\"section\">\n\t\t\t\t\t\t<div class=\"elementor-container elementor-column-gap-default\">\n\t\t\t\t\t<div class=\"elementor-column elementor-col-50 elementor-inner-column elementor-element elementor-element-951b847\" data-id=\"951b847\" data-element_type=\"column\">\n\t\t\t<div class=\"elementor-widget-wrap elementor-element-populated\">\n\t\t\t\t\t\t\t\t<div class=\"elementor-element elementor-element-b46c97f elementor-widget elementor-widget-image\" data-id=\"b46c97f\" data-element_type=\"widget\" data-widget_type=\"image.default\">\n\t\t\t\t<div class=\"elementor-widget-container\">\n\t\t\t\t\t\t\t\t\t\t\t\t\t\t\t<img decoding=\"async\" width=\"1024\" height=\"1024\" src=\"https:\/\/www.bestlogistics-north.gr\/wp-content\/uploads\/2024\/01\/shutterstock_115848196-min-1024x1024.jpg\" class=\"attachment-large size-large\" alt=\"\" srcset=\"https:\/\/www.bestlogistics-north.gr\/wp-content\/uploads\/2024\/01\/shutterstock_115848196-min-1024x1024.jpg 1024w, https:\/\/www.bestlogistics-north.gr\/wp-content\/uploads\/2024\/01\/shutterstock_115848196-min-300x300.jpg 300w, https:\/\/www.bestlogistics-north.gr\/wp-content\/uploads\/2024\/01\/shutterstock_115848196-min-150x150.jpg 150w, https:\/\/www.bestlogistics-north.gr\/wp-content\/uploads\/2024\/01\/shutterstock_115848196-min-768x768.jpg 768w, https:\/\/www.bestlogistics-north.gr\/wp-content\/uploads\/2024\/01\/shutterstock_115848196-min-1536x1536.jpg 1536w, https:\/\/www.bestlogistics-north.gr\/wp-content\/uploads\/2024\/01\/shutterstock_115848196-min-2048x2048.jpg 2048w\" sizes=\"(max-width: 1024px) 100vw, 1024px\" \/>\t\t\t\t\t\t\t\t\t\t\t\t\t\t\t<\/div>\n\t\t\t\t<\/div>\n\t\t\t\t\t<\/div>\n\t\t<\/div>\n\t\t\t\t<div class=\"elementor-column elementor-col-50 elementor-inner-column elementor-element elementor-element-ffe9194\" data-id=\"ffe9194\" data-element_type=\"column\">\n\t\t\t<div class=\"elementor-widget-wrap elementor-element-populated\">\n\t\t\t\t\t\t\t\t<div class=\"elementor-element elementor-element-b3615dc elementor-widget elementor-widget-text-editor\" data-id=\"b3615dc\" data-element_type=\"widget\" data-widget_type=\"text-editor.default\">\n\t\t\t\t<div class=\"elementor-widget-container\">\n\t\t\t\t\t\t\t<p>Nos solutions de transport maritime sont con\u00e7ues pour vous offrir une option fiable et rentable pour l&rsquo;exp\u00e9dition de vos marchandises Qu&rsquo;il s&rsquo;agisse de conteneurs complets (FCL) ou de conteneurs partiels (LCL), nous disposons de l&rsquo;expertise et des ressources n\u00e9cessaires pour traiter vos envois avec le plus grand soin et la plus grande efficacit\u00e9.<\/p>\n\t\t\t\t\t\t<\/div>\n\t\t\t\t<\/div>\n\t\t\t\t\t<\/div>\n\t\t<\/div>\n\t\t\t\t\t\t\t<\/div>\n\t\t<\/section>\n\t\t\t\t<section class=\"elementor-section elementor-inner-section elementor-element elementor-element-6524bcf elementor-section-boxed elementor-section-height-default elementor-section-height-default\" data-id=\"6524bcf\" data-element_type=\"section\">\n\t\t\t\t\t\t<div class=\"elementor-container elementor-column-gap-default\">\n\t\t\t\t\t<div class=\"elementor-column elementor-col-50 elementor-inner-column elementor-element elementor-element-b521514\" data-id=\"b521514\" data-element_type=\"column\">\n\t\t\t<div class=\"elementor-widget-wrap elementor-element-populated\">\n\t\t\t\t\t\t\t\t<div class=\"elementor-element elementor-element-7ea2228 elementor-widget elementor-widget-text-editor\" data-id=\"7ea2228\" data-element_type=\"widget\" data-widget_type=\"text-editor.default\">\n\t\t\t\t<div class=\"elementor-widget-container\">\n\t\t\t\t\t\t\t<p>Notre \u00e9quipe est bien familiaris\u00e9e avec les exigences ADR et garantit la conformit\u00e9 tout au long du processus de transport. Nous poss\u00e9dons \u00e9galement une vaste exp\u00e9rience dans la manipulation de cargaisons surdimensionn\u00e9es et de projets, y compris les machines lourdes, les \u00e9quipements volumineux et les structures sp\u00e9cialis\u00e9es. Nous travaillons en \u00e9troite collaboration avec vous pour d\u00e9velopper des solutions personnalis\u00e9es, garantissant que votre cargaison surdimensionn\u00e9e est transport\u00e9e en toute s\u00e9curit\u00e9, en tenant compte de tous les permis n\u00e9cessaires, de la planification des itin\u00e9raires et des exigences en mati\u00e8re d&rsquo;\u00e9quipement.<\/p>\n<p>Notre \u00e9quipe suit de pr\u00e8s chaque \u00e9tape du processus de transport maritime, depuis la documentation et le d\u00e9douanement jusqu&rsquo;au chargement et au d\u00e9chargement. Nous croyons en une communication transparente et vous tenons inform\u00e9 de l&rsquo;avancement de votre exp\u00e9dition, en vous fournissant des mises \u00e0 jour et des r\u00e9ponses rapides \u00e0 toutes les questions que vous pourriez avoir.<\/p>\n\t\t\t\t\t\t<\/div>\n\t\t\t\t<\/div>\n\t\t\t\t\t<\/div>\n\t\t<\/div>\n\t\t\t\t<div class=\"elementor-column elementor-col-50 elementor-inner-column elementor-element elementor-element-590182f\" data-id=\"590182f\" data-element_type=\"column\">\n\t\t\t<div class=\"elementor-widget-wrap elementor-element-populated\">\n\t\t\t\t\t\t\t\t<div class=\"elementor-element elementor-element-88e7cb8 elementor-widget elementor-widget-image\" data-id=\"88e7cb8\" data-element_type=\"widget\" data-widget_type=\"image.default\">\n\t\t\t\t<div class=\"elementor-widget-container\">\n\t\t\t\t\t\t\t\t\t\t\t\t\t\t\t<img decoding=\"async\" width=\"1024\" height=\"683\" src=\"https:\/\/www.bestlogistics-north.gr\/wp-content\/uploads\/2024\/01\/shutterstock_721673605-min-1024x683.jpg\" class=\"attachment-large size-large\" alt=\"\" srcset=\"https:\/\/www.bestlogistics-north.gr\/wp-content\/uploads\/2024\/01\/shutterstock_721673605-min-1024x683.jpg 1024w, https:\/\/www.bestlogistics-north.gr\/wp-content\/uploads\/2024\/01\/shutterstock_721673605-min-300x200.jpg 300w, https:\/\/www.bestlogistics-north.gr\/wp-content\/uploads\/2024\/01\/shutterstock_721673605-min-768x512.jpg 768w, https:\/\/www.bestlogistics-north.gr\/wp-content\/uploads\/2024\/01\/shutterstock_721673605-min-1536x1024.jpg 1536w, https:\/\/www.bestlogistics-north.gr\/wp-content\/uploads\/2024\/01\/shutterstock_721673605-min-2048x1365.jpg 2048w\" sizes=\"(max-width: 1024px) 100vw, 1024px\" \/>\t\t\t\t\t\t\t\t\t\t\t\t\t\t\t<\/div>\n\t\t\t\t<\/div>\n\t\t\t\t\t<\/div>\n\t\t<\/div>\n\t\t\t\t\t\t\t<\/div>\n\t\t<\/section>\n\t\t\t\t\t<\/div>\n\t\t<\/div>\n\t\t\t\t\t\t\t<\/div>\n\t\t<\/section>\n\t\t\t\t\t\t\t<\/div>\n\t\t","protected":false},"excerpt":{"rendered":"<p>Transport maritime Votre partenaire de confiance dans les solutions de transport Chez Best Logistics North SA, nous sommes sp\u00e9cialis\u00e9s dans la fourniture de services exceptionnels de transport maritime adapt\u00e9s \u00e0 vos besoins d&rsquo;exp\u00e9dition, avec un accent particulier sur la route de l&rsquo;Europe vers Chypre et vice versa. Nos solutions de transport maritime sont con\u00e7ues pour [&hellip;]<\/p>\n","protected":false},"author":1,"featured_media":0,"parent":0,"menu_order":0,"comment_status":"closed","ping_status":"closed","template":"","meta":{"site-sidebar-layout":"no-sidebar","site-content-layout":"page-builder","ast-global-header-display":"","ast-main-header-display":"","ast-hfb-above-header-display":"","ast-hfb-below-header-display":"","ast-hfb-mobile-header-display":"","site-post-title":"disabled","ast-breadcrumbs-content":"","ast-featured-img":"disabled","footer-sml-layout":"","theme-transparent-header-meta":"","adv-header-id-meta":"","stick-header-meta":"","header-above-stick-meta":"","header-main-stick-meta":"","header-below-stick-meta":""},"yoast_head":"<!-- This site is optimized with the Yoast SEO plugin v19.14 - https:\/\/yoast.com\/wordpress\/plugins\/seo\/ -->\n<title>Transport maritime - Best Logistics North<\/title>\n<meta name=\"robots\" content=\"index, follow, max-snippet:-1, max-image-preview:large, max-video-preview:-1\" \/>\n<link rel=\"canonical\" href=\"https:\/\/www.bestlogistics-north.gr\/fr\/transport-maritime\/\" \/>\n<meta property=\"og:locale\" content=\"fr_FR\" \/>\n<meta property=\"og:type\" content=\"article\" \/>\n<meta property=\"og:title\" content=\"Transport maritime - Best Logistics North\" \/>\n<meta property=\"og:description\" content=\"Transport maritime Votre partenaire de confiance dans les solutions de transport Chez Best Logistics North SA, nous sommes sp\u00e9cialis\u00e9s dans la fourniture de services exceptionnels de transport maritime adapt\u00e9s \u00e0 vos besoins d&rsquo;exp\u00e9dition, avec un accent particulier sur la route de l&rsquo;Europe vers Chypre et vice versa. Nos solutions de transport maritime sont con\u00e7ues pour [&hellip;]\" \/>\n<meta property=\"og:url\" content=\"https:\/\/www.bestlogistics-north.gr\/fr\/transport-maritime\/\" \/>\n<meta property=\"og:site_name\" content=\"Best Logistics North\" \/>\n<meta property=\"article:modified_time\" content=\"2024-06-27T13:01:44+00:00\" \/>\n<meta property=\"og:image\" content=\"https:\/\/www.bestlogistics-north.gr\/wp-content\/uploads\/2024\/01\/shutterstock_1617601840-min-1024x576.jpg\" \/>\n<meta name=\"twitter:card\" content=\"summary_large_image\" \/>\n<meta name=\"twitter:label1\" content=\"Dur\u00e9e de lecture estim\u00e9e\" \/>\n\t<meta name=\"twitter:data1\" content=\"1 minute\" \/>\n<script type=\"application\/ld+json\" class=\"yoast-schema-graph\">{\"@context\":\"https:\/\/schema.org\",\"@graph\":[{\"@type\":\"WebPage\",\"@id\":\"https:\/\/www.bestlogistics-north.gr\/fr\/transport-maritime\/\",\"url\":\"https:\/\/www.bestlogistics-north.gr\/fr\/transport-maritime\/\",\"name\":\"Transport maritime - Best Logistics North\",\"isPartOf\":{\"@id\":\"https:\/\/www.bestlogistics-north.gr\/#website\"},\"datePublished\":\"2022-12-01T11:49:50+00:00\",\"dateModified\":\"2024-06-27T13:01:44+00:00\",\"breadcrumb\":{\"@id\":\"https:\/\/www.bestlogistics-north.gr\/fr\/transport-maritime\/#breadcrumb\"},\"inLanguage\":\"fr-FR\",\"potentialAction\":[{\"@type\":\"ReadAction\",\"target\":[\"https:\/\/www.bestlogistics-north.gr\/fr\/transport-maritime\/\"]}]},{\"@type\":\"BreadcrumbList\",\"@id\":\"https:\/\/www.bestlogistics-north.gr\/fr\/transport-maritime\/#breadcrumb\",\"itemListElement\":[{\"@type\":\"ListItem\",\"position\":1,\"name\":\"Home\",\"item\":\"https:\/\/www.bestlogistics-north.gr\/\"},{\"@type\":\"ListItem\",\"position\":2,\"name\":\"Transport maritime\"}]},{\"@type\":\"WebSite\",\"@id\":\"https:\/\/www.bestlogistics-north.gr\/#website\",\"url\":\"https:\/\/www.bestlogistics-north.gr\/\",\"name\":\"Best Logistics North\",\"description\":\"\",\"publisher\":{\"@id\":\"https:\/\/www.bestlogistics-north.gr\/#organization\"},\"potentialAction\":[{\"@type\":\"SearchAction\",\"target\":{\"@type\":\"EntryPoint\",\"urlTemplate\":\"https:\/\/www.bestlogistics-north.gr\/?s={search_term_string}\"},\"query-input\":\"required name=search_term_string\"}],\"inLanguage\":\"fr-FR\"},{\"@type\":\"Organization\",\"@id\":\"https:\/\/www.bestlogistics-north.gr\/#organization\",\"name\":\"Best Logistics North\",\"url\":\"https:\/\/www.bestlogistics-north.gr\/\",\"logo\":{\"@type\":\"ImageObject\",\"inLanguage\":\"fr-FR\",\"@id\":\"https:\/\/www.bestlogistics-north.gr\/#\/schema\/logo\/image\/\",\"url\":\"https:\/\/www.bestlogistics-north.gr\/wp-content\/uploads\/2022\/12\/logo.png\",\"contentUrl\":\"https:\/\/www.bestlogistics-north.gr\/wp-content\/uploads\/2022\/12\/logo.png\",\"width\":488,\"height\":84,\"caption\":\"Best Logistics North\"},\"image\":{\"@id\":\"https:\/\/www.bestlogistics-north.gr\/#\/schema\/logo\/image\/\"}}]}<\/script>\n<!-- \/ Yoast SEO plugin. -->","yoast_head_json":{"title":"Transport maritime - Best Logistics North","robots":{"index":"index","follow":"follow","max-snippet":"max-snippet:-1","max-image-preview":"max-image-preview:large","max-video-preview":"max-video-preview:-1"},"canonical":"https:\/\/www.bestlogistics-north.gr\/fr\/transport-maritime\/","og_locale":"fr_FR","og_type":"article","og_title":"Transport maritime - Best Logistics North","og_description":"Transport maritime Votre partenaire de confiance dans les solutions de transport Chez Best Logistics North SA, nous sommes sp\u00e9cialis\u00e9s dans la fourniture de services exceptionnels de transport maritime adapt\u00e9s \u00e0 vos besoins d&rsquo;exp\u00e9dition, avec un accent particulier sur la route de l&rsquo;Europe vers Chypre et vice versa. Nos solutions de transport maritime sont con\u00e7ues pour [&hellip;]","og_url":"https:\/\/www.bestlogistics-north.gr\/fr\/transport-maritime\/","og_site_name":"Best Logistics North","article_modified_time":"2024-06-27T13:01:44+00:00","og_image":[{"url":"https:\/\/www.bestlogistics-north.gr\/wp-content\/uploads\/2024\/01\/shutterstock_1617601840-min-1024x576.jpg"}],"twitter_card":"summary_large_image","twitter_misc":{"Dur\u00e9e de lecture estim\u00e9e":"1 minute"},"schema":{"@context":"https:\/\/schema.org","@graph":[{"@type":"WebPage","@id":"https:\/\/www.bestlogistics-north.gr\/fr\/transport-maritime\/","url":"https:\/\/www.bestlogistics-north.gr\/fr\/transport-maritime\/","name":"Transport maritime - Best Logistics North","isPartOf":{"@id":"https:\/\/www.bestlogistics-north.gr\/#website"},"datePublished":"2022-12-01T11:49:50+00:00","dateModified":"2024-06-27T13:01:44+00:00","breadcrumb":{"@id":"https:\/\/www.bestlogistics-north.gr\/fr\/transport-maritime\/#breadcrumb"},"inLanguage":"fr-FR","potentialAction":[{"@type":"ReadAction","target":["https:\/\/www.bestlogistics-north.gr\/fr\/transport-maritime\/"]}]},{"@type":"BreadcrumbList","@id":"https:\/\/www.bestlogistics-north.gr\/fr\/transport-maritime\/#breadcrumb","itemListElement":[{"@type":"ListItem","position":1,"name":"Home","item":"https:\/\/www.bestlogistics-north.gr\/"},{"@type":"ListItem","position":2,"name":"Transport maritime"}]},{"@type":"WebSite","@id":"https:\/\/www.bestlogistics-north.gr\/#website","url":"https:\/\/www.bestlogistics-north.gr\/","name":"Best Logistics North","description":"","publisher":{"@id":"https:\/\/www.bestlogistics-north.gr\/#organization"},"potentialAction":[{"@type":"SearchAction","target":{"@type":"EntryPoint","urlTemplate":"https:\/\/www.bestlogistics-north.gr\/?s={search_term_string}"},"query-input":"required name=search_term_string"}],"inLanguage":"fr-FR"},{"@type":"Organization","@id":"https:\/\/www.bestlogistics-north.gr\/#organization","name":"Best Logistics North","url":"https:\/\/www.bestlogistics-north.gr\/","logo":{"@type":"ImageObject","inLanguage":"fr-FR","@id":"https:\/\/www.bestlogistics-north.gr\/#\/schema\/logo\/image\/","url":"https:\/\/www.bestlogistics-north.gr\/wp-content\/uploads\/2022\/12\/logo.png","contentUrl":"https:\/\/www.bestlogistics-north.gr\/wp-content\/uploads\/2022\/12\/logo.png","width":488,"height":84,"caption":"Best Logistics North"},"image":{"@id":"https:\/\/www.bestlogistics-north.gr\/#\/schema\/logo\/image\/"}}]}},"_links":{"self":[{"href":"https:\/\/www.bestlogistics-north.gr\/fr\/wp-json\/wp\/v2\/pages\/4269"}],"collection":[{"href":"https:\/\/www.bestlogistics-north.gr\/fr\/wp-json\/wp\/v2\/pages"}],"about":[{"href":"https:\/\/www.bestlogistics-north.gr\/fr\/wp-json\/wp\/v2\/types\/page"}],"author":[{"embeddable":true,"href":"https:\/\/www.bestlogistics-north.gr\/fr\/wp-json\/wp\/v2\/users\/1"}],"replies":[{"embeddable":true,"href":"https:\/\/www.bestlogistics-north.gr\/fr\/wp-json\/wp\/v2\/comments?post=4269"}],"version-history":[{"count":3,"href":"https:\/\/www.bestlogistics-north.gr\/fr\/wp-json\/wp\/v2\/pages\/4269\/revisions"}],"predecessor-version":[{"id":4275,"href":"https:\/\/www.bestlogistics-north.gr\/fr\/wp-json\/wp\/v2\/pages\/4269\/revisions\/4275"}],"wp:attachment":[{"href":"https:\/\/www.bestlogistics-north.gr\/fr\/wp-json\/wp\/v2\/media?parent=4269"}],"curies":[{"name":"wp","href":"https:\/\/api.w.org\/{rel}","templated":true}]}}