{"id":1964,"date":"2022-12-01T11:48:52","date_gmt":"2022-12-01T11:48:52","guid":{"rendered":"https:\/\/www.bestlogistics-north.gr\/lkw-transport\/"},"modified":"2024-04-11T11:51:08","modified_gmt":"2024-04-11T11:51:08","slug":"strassentransport","status":"publish","type":"page","link":"https:\/\/www.bestlogistics-north.gr\/de\/strassentransport\/","title":{"rendered":"Stra\u00dfentransport"},"content":{"rendered":"\t\t<div data-elementor-type=\"wp-page\" data-elementor-id=\"1964\" class=\"elementor elementor-1964 elementor-563\">\n\t\t\t\t\t\t\t\t\t<section class=\"elementor-section elementor-top-section elementor-element elementor-element-0589def elementor-section-boxed elementor-section-height-default elementor-section-height-default\" data-id=\"0589def\" data-element_type=\"section\">\n\t\t\t\t\t\t<div class=\"elementor-container elementor-column-gap-default\">\n\t\t\t\t\t<div class=\"elementor-column elementor-col-100 elementor-top-column elementor-element elementor-element-bd7a316\" data-id=\"bd7a316\" data-element_type=\"column\">\n\t\t\t<div class=\"elementor-widget-wrap elementor-element-populated\">\n\t\t\t\t\t\t\t\t<div class=\"elementor-element elementor-element-e2c0a25 elementor-widget elementor-widget-heading\" data-id=\"e2c0a25\" data-element_type=\"widget\" data-widget_type=\"heading.default\">\n\t\t\t\t<div class=\"elementor-widget-container\">\n\t\t\t<style>\/*! elementor - v3.8.1 - 13-11-2022 *\/\n.elementor-heading-title{padding:0;margin:0;line-height:1}.elementor-widget-heading .elementor-heading-title[class*=elementor-size-]>a{color:inherit;font-size:inherit;line-height:inherit}.elementor-widget-heading .elementor-heading-title.elementor-size-small{font-size:15px}.elementor-widget-heading .elementor-heading-title.elementor-size-medium{font-size:19px}.elementor-widget-heading .elementor-heading-title.elementor-size-large{font-size:29px}.elementor-widget-heading .elementor-heading-title.elementor-size-xl{font-size:39px}.elementor-widget-heading .elementor-heading-title.elementor-size-xxl{font-size:59px}<\/style><h1 class=\"elementor-heading-title elementor-size-default\">Stra\u00dfentransport<\/h1>\t\t<\/div>\n\t\t\t\t<\/div>\n\t\t\t\t<div class=\"elementor-element elementor-element-d338e42 elementor-widget-divider--view-line elementor-widget elementor-widget-divider\" data-id=\"d338e42\" data-element_type=\"widget\" data-widget_type=\"divider.default\">\n\t\t\t\t<div class=\"elementor-widget-container\">\n\t\t\t<style>\/*! elementor - v3.8.1 - 13-11-2022 *\/\n.elementor-widget-divider{--divider-border-style:none;--divider-border-width:1px;--divider-color:#2c2c2c;--divider-icon-size:20px;--divider-element-spacing:10px;--divider-pattern-height:24px;--divider-pattern-size:20px;--divider-pattern-url:none;--divider-pattern-repeat:repeat-x}.elementor-widget-divider .elementor-divider{display:-webkit-box;display:-ms-flexbox;display:flex}.elementor-widget-divider .elementor-divider__text{font-size:15px;line-height:1;max-width:95%}.elementor-widget-divider .elementor-divider__element{margin:0 var(--divider-element-spacing);-ms-flex-negative:0;flex-shrink:0}.elementor-widget-divider .elementor-icon{font-size:var(--divider-icon-size)}.elementor-widget-divider .elementor-divider-separator{display:-webkit-box;display:-ms-flexbox;display:flex;margin:0;direction:ltr}.elementor-widget-divider--view-line_icon .elementor-divider-separator,.elementor-widget-divider--view-line_text .elementor-divider-separator{-webkit-box-align:center;-ms-flex-align:center;align-items:center}.elementor-widget-divider--view-line_icon .elementor-divider-separator:after,.elementor-widget-divider--view-line_icon .elementor-divider-separator:before,.elementor-widget-divider--view-line_text .elementor-divider-separator:after,.elementor-widget-divider--view-line_text .elementor-divider-separator:before{display:block;content:\"\";border-bottom:0;-webkit-box-flex:1;-ms-flex-positive:1;flex-grow:1;border-top:var(--divider-border-width) var(--divider-border-style) var(--divider-color)}.elementor-widget-divider--element-align-left .elementor-divider .elementor-divider-separator>.elementor-divider__svg:first-of-type{-webkit-box-flex:0;-ms-flex-positive:0;flex-grow:0;-ms-flex-negative:100;flex-shrink:100}.elementor-widget-divider--element-align-left .elementor-divider-separator:before{content:none}.elementor-widget-divider--element-align-left .elementor-divider__element{margin-left:0}.elementor-widget-divider--element-align-right .elementor-divider .elementor-divider-separator>.elementor-divider__svg:last-of-type{-webkit-box-flex:0;-ms-flex-positive:0;flex-grow:0;-ms-flex-negative:100;flex-shrink:100}.elementor-widget-divider--element-align-right .elementor-divider-separator:after{content:none}.elementor-widget-divider--element-align-right .elementor-divider__element{margin-right:0}.elementor-widget-divider:not(.elementor-widget-divider--view-line_text):not(.elementor-widget-divider--view-line_icon) .elementor-divider-separator{border-top:var(--divider-border-width) var(--divider-border-style) var(--divider-color)}.elementor-widget-divider--separator-type-pattern{--divider-border-style:none}.elementor-widget-divider--separator-type-pattern.elementor-widget-divider--view-line .elementor-divider-separator,.elementor-widget-divider--separator-type-pattern:not(.elementor-widget-divider--view-line) .elementor-divider-separator:after,.elementor-widget-divider--separator-type-pattern:not(.elementor-widget-divider--view-line) .elementor-divider-separator:before,.elementor-widget-divider--separator-type-pattern:not([class*=elementor-widget-divider--view]) .elementor-divider-separator{width:100%;min-height:var(--divider-pattern-height);-webkit-mask-size:var(--divider-pattern-size) 100%;mask-size:var(--divider-pattern-size) 100%;-webkit-mask-repeat:var(--divider-pattern-repeat);mask-repeat:var(--divider-pattern-repeat);background-color:var(--divider-color);-webkit-mask-image:var(--divider-pattern-url);mask-image:var(--divider-pattern-url)}.elementor-widget-divider--no-spacing{--divider-pattern-size:auto}.elementor-widget-divider--bg-round{--divider-pattern-repeat:round}.rtl .elementor-widget-divider .elementor-divider__text{direction:rtl}.e-con-inner>.elementor-widget-divider,.e-con>.elementor-widget-divider{width:var(--container-widget-width,100%)}<\/style>\t\t<div class=\"elementor-divider\">\n\t\t\t<span class=\"elementor-divider-separator\">\n\t\t\t\t\t\t<\/span>\n\t\t<\/div>\n\t\t\t\t<\/div>\n\t\t\t\t<\/div>\n\t\t\t\t<section class=\"elementor-section elementor-inner-section elementor-element elementor-element-0abd17e elementor-section-boxed elementor-section-height-default elementor-section-height-default\" data-id=\"0abd17e\" data-element_type=\"section\">\n\t\t\t\t\t\t<div class=\"elementor-container elementor-column-gap-default\">\n\t\t\t\t\t<div class=\"elementor-column elementor-col-50 elementor-inner-column elementor-element elementor-element-9fb9940\" data-id=\"9fb9940\" data-element_type=\"column\">\n\t\t\t<div class=\"elementor-widget-wrap elementor-element-populated\">\n\t\t\t\t\t\t\t\t<div class=\"elementor-element elementor-element-3e87f40 elementor-widget elementor-widget-text-editor\" data-id=\"3e87f40\" data-element_type=\"widget\" data-widget_type=\"text-editor.default\">\n\t\t\t\t<div class=\"elementor-widget-container\">\n\t\t\t<style>\/*! elementor - v3.8.1 - 13-11-2022 *\/\n.elementor-widget-text-editor.elementor-drop-cap-view-stacked .elementor-drop-cap{background-color:#818a91;color:#fff}.elementor-widget-text-editor.elementor-drop-cap-view-framed .elementor-drop-cap{color:#818a91;border:3px solid;background-color:transparent}.elementor-widget-text-editor:not(.elementor-drop-cap-view-default) .elementor-drop-cap{margin-top:8px}.elementor-widget-text-editor:not(.elementor-drop-cap-view-default) .elementor-drop-cap-letter{width:1em;height:1em}.elementor-widget-text-editor .elementor-drop-cap{float:left;text-align:center;line-height:1;font-size:50px}.elementor-widget-text-editor .elementor-drop-cap-letter{display:inline-block}<\/style>\t\t\t\tBei Best Logistics North SA sind wir auf die Bereitstellung zuverl\u00e4ssiger und effizienter Frachttransportdienste per LKW zwischen Europa, Griechenland und Zypern spezialisiert. Mit einem Schwerpunkt auf L\u00e4nder wie Deutschland, Italien, Frankreich, die Niederlande, Belgien, \u00d6sterreich, den Balkanl\u00e4ndern und Zypern. Wir bieten w\u00f6chentliche Abfahrten und umfassende L\u00f6sungen.\n<br\/><br\/>Durch den Aufbau eines zuverl\u00e4ssigen Netzwerks von Korrespondenten in Nord- und Mitteleuropa sowie auf dem Balkan haben wir eine starke Pr\u00e4senz in der Region etabliert. Dadurch sind wir in der Lage, jede Ladung sofort zu einem wettbewerbsf\u00e4higen Preis zu bedienen. Ob Sie volle Lkw-Ladungen (FTL) oder Teilladungen (LTL) haben, wir haben die Kapazit\u00e4t und die Ressourcen, um Ihre Transportbed\u00fcrfnisse prompt zu erf\u00fcllen.\t\t\t\t\t\t<\/div>\n\t\t\t\t<\/div>\n\t\t\t\t\t<\/div>\n\t\t<\/div>\n\t\t\t\t<div class=\"elementor-column elementor-col-50 elementor-inner-column elementor-element elementor-element-fd495a2\" data-id=\"fd495a2\" data-element_type=\"column\">\n\t\t\t<div class=\"elementor-widget-wrap elementor-element-populated\">\n\t\t\t\t\t\t\t\t<div class=\"elementor-element elementor-element-1e5f225 elementor-widget elementor-widget-image\" data-id=\"1e5f225\" data-element_type=\"widget\" data-widget_type=\"image.default\">\n\t\t\t\t<div class=\"elementor-widget-container\">\n\t\t\t<style>\/*! elementor - v3.8.1 - 13-11-2022 *\/\n.elementor-widget-image{text-align:center}.elementor-widget-image a{display:inline-block}.elementor-widget-image a img[src$=\".svg\"]{width:48px}.elementor-widget-image img{vertical-align:middle;display:inline-block}<\/style>\t\t\t\t\t\t\t\t\t\t\t\t<img decoding=\"async\" width=\"1024\" height=\"529\" src=\"https:\/\/www.bestlogistics-north.gr\/wp-content\/uploads\/2024\/01\/shutterstock_2092434592-min-1024x529.jpg\" class=\"attachment-large size-large\" alt=\"\" srcset=\"https:\/\/www.bestlogistics-north.gr\/wp-content\/uploads\/2024\/01\/shutterstock_2092434592-min-1024x529.jpg 1024w, https:\/\/www.bestlogistics-north.gr\/wp-content\/uploads\/2024\/01\/shutterstock_2092434592-min-300x155.jpg 300w, https:\/\/www.bestlogistics-north.gr\/wp-content\/uploads\/2024\/01\/shutterstock_2092434592-min-768x397.jpg 768w, https:\/\/www.bestlogistics-north.gr\/wp-content\/uploads\/2024\/01\/shutterstock_2092434592-min-1536x793.jpg 1536w, https:\/\/www.bestlogistics-north.gr\/wp-content\/uploads\/2024\/01\/shutterstock_2092434592-min-2048x1057.jpg 2048w\" sizes=\"(max-width: 1024px) 100vw, 1024px\" \/>\t\t\t\t\t\t\t\t\t\t\t\t\t\t\t<\/div>\n\t\t\t\t<\/div>\n\t\t\t\t\t<\/div>\n\t\t<\/div>\n\t\t\t\t\t\t\t<\/div>\n\t\t<\/section>\n\t\t\t\t<section class=\"elementor-section elementor-inner-section elementor-element elementor-element-0c45212 elementor-section-boxed elementor-section-height-default elementor-section-height-default\" data-id=\"0c45212\" data-element_type=\"section\">\n\t\t\t\t\t\t<div class=\"elementor-container elementor-column-gap-default\">\n\t\t\t\t\t<div class=\"elementor-column elementor-col-50 elementor-inner-column elementor-element elementor-element-7498235\" data-id=\"7498235\" data-element_type=\"column\">\n\t\t\t<div class=\"elementor-widget-wrap elementor-element-populated\">\n\t\t\t\t\t\t\t\t<div class=\"elementor-element elementor-element-2520c01 elementor-widget elementor-widget-image\" data-id=\"2520c01\" data-element_type=\"widget\" data-widget_type=\"image.default\">\n\t\t\t\t<div class=\"elementor-widget-container\">\n\t\t\t\t\t\t\t\t\t\t\t\t\t\t\t<img decoding=\"async\" width=\"1024\" height=\"684\" src=\"https:\/\/www.bestlogistics-north.gr\/wp-content\/uploads\/2024\/01\/shutterstock_2158806927-min-1024x684.jpg\" class=\"attachment-large size-large\" alt=\"\" srcset=\"https:\/\/www.bestlogistics-north.gr\/wp-content\/uploads\/2024\/01\/shutterstock_2158806927-min-1024x684.jpg 1024w, https:\/\/www.bestlogistics-north.gr\/wp-content\/uploads\/2024\/01\/shutterstock_2158806927-min-300x200.jpg 300w, https:\/\/www.bestlogistics-north.gr\/wp-content\/uploads\/2024\/01\/shutterstock_2158806927-min-768x513.jpg 768w, https:\/\/www.bestlogistics-north.gr\/wp-content\/uploads\/2024\/01\/shutterstock_2158806927-min-1536x1025.jpg 1536w, https:\/\/www.bestlogistics-north.gr\/wp-content\/uploads\/2024\/01\/shutterstock_2158806927-min-2048x1367.jpg 2048w\" sizes=\"(max-width: 1024px) 100vw, 1024px\" \/>\t\t\t\t\t\t\t\t\t\t\t\t\t\t\t<\/div>\n\t\t\t\t<\/div>\n\t\t\t\t\t<\/div>\n\t\t<\/div>\n\t\t\t\t<div class=\"elementor-column elementor-col-50 elementor-inner-column elementor-element elementor-element-912bd29\" data-id=\"912bd29\" data-element_type=\"column\">\n\t\t\t<div class=\"elementor-widget-wrap elementor-element-populated\">\n\t\t\t\t\t\t\t\t<div class=\"elementor-element elementor-element-d92febf elementor-widget elementor-widget-text-editor\" data-id=\"d92febf\" data-element_type=\"widget\" data-widget_type=\"text-editor.default\">\n\t\t\t\t<div class=\"elementor-widget-container\">\n\t\t\t\t\t\t\t<p>Alle von uns transportierten G\u00fcter sind durch eine CMR-Versicherung abgedeckt. Unser Engagement f\u00fcr Qualit\u00e4t und Zuverl\u00e4ssigkeit erstreckt sich auf jeden Aspekt unserer LKW-Transportdienstleistungen. Wir bem\u00fchen uns, Ihre Fracht p\u00fcnktlich und in einwandfreiem Zustand zu liefern und dabei h\u00f6chste Servicequalit\u00e4t aufrechtzuerhalten.<\/p><p>Dar\u00fcber hinaus bieten wir Flexibilit\u00e4t und individuelle L\u00f6sungen, um Ihre spezifischen Anforderungen zu erf\u00fcllen. Unser engagiertes Team von Logistikexperten steht Ihnen zur Verf\u00fcgung, egal ob Sie Transport- oder Lagerdienstleistungen ben\u00f6tigen. Wir bieten eine umfassende Logistikerfahrung, die auf Ihre individuellen Bed\u00fcrfnisse zugeschnitten ist.<\/p>\t\t\t\t\t\t<\/div>\n\t\t\t\t<\/div>\n\t\t\t\t\t<\/div>\n\t\t<\/div>\n\t\t\t\t\t\t\t<\/div>\n\t\t<\/section>\n\t\t\t\t\t<\/div>\n\t\t<\/div>\n\t\t\t\t\t\t\t<\/div>\n\t\t<\/section>\n\t\t\t\t\t\t\t<\/div>\n\t\t","protected":false},"excerpt":{"rendered":"<p>Stra\u00dfentransport Bei Best Logistics North SA sind wir auf die Bereitstellung zuverl\u00e4ssiger und effizienter Frachttransportdienste per LKW zwischen Europa, Griechenland und Zypern spezialisiert. Mit einem Schwerpunkt auf L\u00e4nder wie Deutschland, Italien, Frankreich, die Niederlande, Belgien, \u00d6sterreich, den Balkanl\u00e4ndern und Zypern. Wir bieten w\u00f6chentliche Abfahrten und umfassende L\u00f6sungen. Durch den Aufbau eines zuverl\u00e4ssigen Netzwerks von Korrespondenten [&hellip;]<\/p>\n","protected":false},"author":1,"featured_media":0,"parent":0,"menu_order":0,"comment_status":"closed","ping_status":"closed","template":"","meta":{"site-sidebar-layout":"no-sidebar","site-content-layout":"page-builder","ast-global-header-display":"","ast-main-header-display":"","ast-hfb-above-header-display":"","ast-hfb-below-header-display":"","ast-hfb-mobile-header-display":"","site-post-title":"disabled","ast-breadcrumbs-content":"","ast-featured-img":"disabled","footer-sml-layout":"","theme-transparent-header-meta":"","adv-header-id-meta":"","stick-header-meta":"","header-above-stick-meta":"","header-main-stick-meta":"","header-below-stick-meta":""},"yoast_head":"<!-- This site is optimized with the Yoast SEO plugin v19.14 - https:\/\/yoast.com\/wordpress\/plugins\/seo\/ -->\n<title>Stra\u00dfentransport - Best Logistics North<\/title>\n<meta name=\"robots\" content=\"index, follow, max-snippet:-1, max-image-preview:large, max-video-preview:-1\" \/>\n<link rel=\"canonical\" href=\"https:\/\/www.bestlogistics-north.gr\/de\/strassentransport\/\" \/>\n<meta property=\"og:locale\" content=\"de_DE\" \/>\n<meta property=\"og:type\" content=\"article\" \/>\n<meta property=\"og:title\" content=\"Stra\u00dfentransport - Best Logistics North\" \/>\n<meta property=\"og:description\" content=\"Stra\u00dfentransport Bei Best Logistics North SA sind wir auf die Bereitstellung zuverl\u00e4ssiger und effizienter Frachttransportdienste per LKW zwischen Europa, Griechenland und Zypern spezialisiert. Mit einem Schwerpunkt auf L\u00e4nder wie Deutschland, Italien, Frankreich, die Niederlande, Belgien, \u00d6sterreich, den Balkanl\u00e4ndern und Zypern. Wir bieten w\u00f6chentliche Abfahrten und umfassende L\u00f6sungen. Durch den Aufbau eines zuverl\u00e4ssigen Netzwerks von Korrespondenten [&hellip;]\" \/>\n<meta property=\"og:url\" content=\"https:\/\/www.bestlogistics-north.gr\/de\/strassentransport\/\" \/>\n<meta property=\"og:site_name\" content=\"Best Logistics North\" \/>\n<meta property=\"article:modified_time\" content=\"2024-04-11T11:51:08+00:00\" \/>\n<meta property=\"og:image\" content=\"https:\/\/www.bestlogistics-north.gr\/wp-content\/uploads\/2024\/01\/shutterstock_2092434592-min-1024x529.jpg\" \/>\n<meta name=\"twitter:card\" content=\"summary_large_image\" \/>\n<meta name=\"twitter:label1\" content=\"Gesch\u00e4tzte Lesezeit\" \/>\n\t<meta name=\"twitter:data1\" content=\"2 Minuten\" \/>\n<script type=\"application\/ld+json\" class=\"yoast-schema-graph\">{\"@context\":\"https:\/\/schema.org\",\"@graph\":[{\"@type\":\"WebPage\",\"@id\":\"https:\/\/www.bestlogistics-north.gr\/de\/strassentransport\/\",\"url\":\"https:\/\/www.bestlogistics-north.gr\/de\/strassentransport\/\",\"name\":\"Stra\u00dfentransport - Best Logistics North\",\"isPartOf\":{\"@id\":\"https:\/\/www.bestlogistics-north.gr\/#website\"},\"datePublished\":\"2022-12-01T11:48:52+00:00\",\"dateModified\":\"2024-04-11T11:51:08+00:00\",\"breadcrumb\":{\"@id\":\"https:\/\/www.bestlogistics-north.gr\/de\/strassentransport\/#breadcrumb\"},\"inLanguage\":\"de-DE\",\"potentialAction\":[{\"@type\":\"ReadAction\",\"target\":[\"https:\/\/www.bestlogistics-north.gr\/de\/strassentransport\/\"]}]},{\"@type\":\"BreadcrumbList\",\"@id\":\"https:\/\/www.bestlogistics-north.gr\/de\/strassentransport\/#breadcrumb\",\"itemListElement\":[{\"@type\":\"ListItem\",\"position\":1,\"name\":\"Home\",\"item\":\"https:\/\/www.bestlogistics-north.gr\/de\/\"},{\"@type\":\"ListItem\",\"position\":2,\"name\":\"Stra\u00dfentransport\"}]},{\"@type\":\"WebSite\",\"@id\":\"https:\/\/www.bestlogistics-north.gr\/#website\",\"url\":\"https:\/\/www.bestlogistics-north.gr\/\",\"name\":\"Best Logistics North\",\"description\":\"\",\"publisher\":{\"@id\":\"https:\/\/www.bestlogistics-north.gr\/#organization\"},\"potentialAction\":[{\"@type\":\"SearchAction\",\"target\":{\"@type\":\"EntryPoint\",\"urlTemplate\":\"https:\/\/www.bestlogistics-north.gr\/?s={search_term_string}\"},\"query-input\":\"required name=search_term_string\"}],\"inLanguage\":\"de-DE\"},{\"@type\":\"Organization\",\"@id\":\"https:\/\/www.bestlogistics-north.gr\/#organization\",\"name\":\"Best Logistics North\",\"url\":\"https:\/\/www.bestlogistics-north.gr\/\",\"logo\":{\"@type\":\"ImageObject\",\"inLanguage\":\"de-DE\",\"@id\":\"https:\/\/www.bestlogistics-north.gr\/#\/schema\/logo\/image\/\",\"url\":\"https:\/\/www.bestlogistics-north.gr\/wp-content\/uploads\/2022\/12\/logo.png\",\"contentUrl\":\"https:\/\/www.bestlogistics-north.gr\/wp-content\/uploads\/2022\/12\/logo.png\",\"width\":488,\"height\":84,\"caption\":\"Best Logistics North\"},\"image\":{\"@id\":\"https:\/\/www.bestlogistics-north.gr\/#\/schema\/logo\/image\/\"}}]}<\/script>\n<!-- \/ Yoast SEO plugin. -->","yoast_head_json":{"title":"Stra\u00dfentransport - Best Logistics North","robots":{"index":"index","follow":"follow","max-snippet":"max-snippet:-1","max-image-preview":"max-image-preview:large","max-video-preview":"max-video-preview:-1"},"canonical":"https:\/\/www.bestlogistics-north.gr\/de\/strassentransport\/","og_locale":"de_DE","og_type":"article","og_title":"Stra\u00dfentransport - Best Logistics North","og_description":"Stra\u00dfentransport Bei Best Logistics North SA sind wir auf die Bereitstellung zuverl\u00e4ssiger und effizienter Frachttransportdienste per LKW zwischen Europa, Griechenland und Zypern spezialisiert. Mit einem Schwerpunkt auf L\u00e4nder wie Deutschland, Italien, Frankreich, die Niederlande, Belgien, \u00d6sterreich, den Balkanl\u00e4ndern und Zypern. Wir bieten w\u00f6chentliche Abfahrten und umfassende L\u00f6sungen. Durch den Aufbau eines zuverl\u00e4ssigen Netzwerks von Korrespondenten [&hellip;]","og_url":"https:\/\/www.bestlogistics-north.gr\/de\/strassentransport\/","og_site_name":"Best Logistics North","article_modified_time":"2024-04-11T11:51:08+00:00","og_image":[{"url":"https:\/\/www.bestlogistics-north.gr\/wp-content\/uploads\/2024\/01\/shutterstock_2092434592-min-1024x529.jpg"}],"twitter_card":"summary_large_image","twitter_misc":{"Gesch\u00e4tzte Lesezeit":"2 Minuten"},"schema":{"@context":"https:\/\/schema.org","@graph":[{"@type":"WebPage","@id":"https:\/\/www.bestlogistics-north.gr\/de\/strassentransport\/","url":"https:\/\/www.bestlogistics-north.gr\/de\/strassentransport\/","name":"Stra\u00dfentransport - Best Logistics North","isPartOf":{"@id":"https:\/\/www.bestlogistics-north.gr\/#website"},"datePublished":"2022-12-01T11:48:52+00:00","dateModified":"2024-04-11T11:51:08+00:00","breadcrumb":{"@id":"https:\/\/www.bestlogistics-north.gr\/de\/strassentransport\/#breadcrumb"},"inLanguage":"de-DE","potentialAction":[{"@type":"ReadAction","target":["https:\/\/www.bestlogistics-north.gr\/de\/strassentransport\/"]}]},{"@type":"BreadcrumbList","@id":"https:\/\/www.bestlogistics-north.gr\/de\/strassentransport\/#breadcrumb","itemListElement":[{"@type":"ListItem","position":1,"name":"Home","item":"https:\/\/www.bestlogistics-north.gr\/de\/"},{"@type":"ListItem","position":2,"name":"Stra\u00dfentransport"}]},{"@type":"WebSite","@id":"https:\/\/www.bestlogistics-north.gr\/#website","url":"https:\/\/www.bestlogistics-north.gr\/","name":"Best Logistics North","description":"","publisher":{"@id":"https:\/\/www.bestlogistics-north.gr\/#organization"},"potentialAction":[{"@type":"SearchAction","target":{"@type":"EntryPoint","urlTemplate":"https:\/\/www.bestlogistics-north.gr\/?s={search_term_string}"},"query-input":"required name=search_term_string"}],"inLanguage":"de-DE"},{"@type":"Organization","@id":"https:\/\/www.bestlogistics-north.gr\/#organization","name":"Best Logistics North","url":"https:\/\/www.bestlogistics-north.gr\/","logo":{"@type":"ImageObject","inLanguage":"de-DE","@id":"https:\/\/www.bestlogistics-north.gr\/#\/schema\/logo\/image\/","url":"https:\/\/www.bestlogistics-north.gr\/wp-content\/uploads\/2022\/12\/logo.png","contentUrl":"https:\/\/www.bestlogistics-north.gr\/wp-content\/uploads\/2022\/12\/logo.png","width":488,"height":84,"caption":"Best Logistics North"},"image":{"@id":"https:\/\/www.bestlogistics-north.gr\/#\/schema\/logo\/image\/"}}]}},"_links":{"self":[{"href":"https:\/\/www.bestlogistics-north.gr\/de\/wp-json\/wp\/v2\/pages\/1964"}],"collection":[{"href":"https:\/\/www.bestlogistics-north.gr\/de\/wp-json\/wp\/v2\/pages"}],"about":[{"href":"https:\/\/www.bestlogistics-north.gr\/de\/wp-json\/wp\/v2\/types\/page"}],"author":[{"embeddable":true,"href":"https:\/\/www.bestlogistics-north.gr\/de\/wp-json\/wp\/v2\/users\/1"}],"replies":[{"embeddable":true,"href":"https:\/\/www.bestlogistics-north.gr\/de\/wp-json\/wp\/v2\/comments?post=1964"}],"version-history":[{"count":58,"href":"https:\/\/www.bestlogistics-north.gr\/de\/wp-json\/wp\/v2\/pages\/1964\/revisions"}],"predecessor-version":[{"id":4106,"href":"https:\/\/www.bestlogistics-north.gr\/de\/wp-json\/wp\/v2\/pages\/1964\/revisions\/4106"}],"wp:attachment":[{"href":"https:\/\/www.bestlogistics-north.gr\/de\/wp-json\/wp\/v2\/media?parent=1964"}],"curies":[{"name":"wp","href":"https:\/\/api.w.org\/{rel}","templated":true}]}}