{"id":1954,"date":"2022-12-01T11:50:31","date_gmt":"2022-12-01T11:50:31","guid":{"rendered":"https:\/\/www.bestlogistics-north.gr\/logistics\/"},"modified":"2024-04-11T11:53:31","modified_gmt":"2024-04-11T11:53:31","slug":"logistik","status":"publish","type":"page","link":"https:\/\/www.bestlogistics-north.gr\/de\/logistik\/","title":{"rendered":"Logistik"},"content":{"rendered":"\t\t<div data-elementor-type=\"wp-page\" data-elementor-id=\"1954\" class=\"elementor elementor-1954 elementor-572\">\n\t\t\t\t\t\t\t\t\t<section class=\"elementor-section elementor-top-section elementor-element elementor-element-0df3c8c elementor-section-boxed elementor-section-height-default elementor-section-height-default\" data-id=\"0df3c8c\" data-element_type=\"section\">\n\t\t\t\t\t\t<div class=\"elementor-container elementor-column-gap-default\">\n\t\t\t\t\t<div class=\"elementor-column elementor-col-100 elementor-top-column elementor-element elementor-element-16e7a99\" data-id=\"16e7a99\" data-element_type=\"column\">\n\t\t\t<div class=\"elementor-widget-wrap elementor-element-populated\">\n\t\t\t\t\t\t\t\t<div class=\"elementor-element elementor-element-e38759a elementor-widget elementor-widget-heading\" data-id=\"e38759a\" data-element_type=\"widget\" data-widget_type=\"heading.default\">\n\t\t\t\t<div class=\"elementor-widget-container\">\n\t\t\t<style>\/*! elementor - v3.8.1 - 13-11-2022 *\/\n.elementor-heading-title{padding:0;margin:0;line-height:1}.elementor-widget-heading .elementor-heading-title[class*=elementor-size-]>a{color:inherit;font-size:inherit;line-height:inherit}.elementor-widget-heading .elementor-heading-title.elementor-size-small{font-size:15px}.elementor-widget-heading .elementor-heading-title.elementor-size-medium{font-size:19px}.elementor-widget-heading .elementor-heading-title.elementor-size-large{font-size:29px}.elementor-widget-heading .elementor-heading-title.elementor-size-xl{font-size:39px}.elementor-widget-heading .elementor-heading-title.elementor-size-xxl{font-size:59px}<\/style><h1 class=\"elementor-heading-title elementor-size-default\">Logistik<\/h1>\t\t<\/div>\n\t\t\t\t<\/div>\n\t\t\t\t<div class=\"elementor-element elementor-element-73694a0 elementor-widget-divider--view-line elementor-widget elementor-widget-divider\" data-id=\"73694a0\" data-element_type=\"widget\" data-widget_type=\"divider.default\">\n\t\t\t\t<div class=\"elementor-widget-container\">\n\t\t\t<style>\/*! elementor - v3.8.1 - 13-11-2022 *\/\n.elementor-widget-divider{--divider-border-style:none;--divider-border-width:1px;--divider-color:#2c2c2c;--divider-icon-size:20px;--divider-element-spacing:10px;--divider-pattern-height:24px;--divider-pattern-size:20px;--divider-pattern-url:none;--divider-pattern-repeat:repeat-x}.elementor-widget-divider .elementor-divider{display:-webkit-box;display:-ms-flexbox;display:flex}.elementor-widget-divider .elementor-divider__text{font-size:15px;line-height:1;max-width:95%}.elementor-widget-divider .elementor-divider__element{margin:0 var(--divider-element-spacing);-ms-flex-negative:0;flex-shrink:0}.elementor-widget-divider .elementor-icon{font-size:var(--divider-icon-size)}.elementor-widget-divider .elementor-divider-separator{display:-webkit-box;display:-ms-flexbox;display:flex;margin:0;direction:ltr}.elementor-widget-divider--view-line_icon .elementor-divider-separator,.elementor-widget-divider--view-line_text .elementor-divider-separator{-webkit-box-align:center;-ms-flex-align:center;align-items:center}.elementor-widget-divider--view-line_icon .elementor-divider-separator:after,.elementor-widget-divider--view-line_icon .elementor-divider-separator:before,.elementor-widget-divider--view-line_text .elementor-divider-separator:after,.elementor-widget-divider--view-line_text .elementor-divider-separator:before{display:block;content:\"\";border-bottom:0;-webkit-box-flex:1;-ms-flex-positive:1;flex-grow:1;border-top:var(--divider-border-width) var(--divider-border-style) var(--divider-color)}.elementor-widget-divider--element-align-left .elementor-divider .elementor-divider-separator>.elementor-divider__svg:first-of-type{-webkit-box-flex:0;-ms-flex-positive:0;flex-grow:0;-ms-flex-negative:100;flex-shrink:100}.elementor-widget-divider--element-align-left .elementor-divider-separator:before{content:none}.elementor-widget-divider--element-align-left .elementor-divider__element{margin-left:0}.elementor-widget-divider--element-align-right .elementor-divider .elementor-divider-separator>.elementor-divider__svg:last-of-type{-webkit-box-flex:0;-ms-flex-positive:0;flex-grow:0;-ms-flex-negative:100;flex-shrink:100}.elementor-widget-divider--element-align-right .elementor-divider-separator:after{content:none}.elementor-widget-divider--element-align-right .elementor-divider__element{margin-right:0}.elementor-widget-divider:not(.elementor-widget-divider--view-line_text):not(.elementor-widget-divider--view-line_icon) .elementor-divider-separator{border-top:var(--divider-border-width) var(--divider-border-style) var(--divider-color)}.elementor-widget-divider--separator-type-pattern{--divider-border-style:none}.elementor-widget-divider--separator-type-pattern.elementor-widget-divider--view-line .elementor-divider-separator,.elementor-widget-divider--separator-type-pattern:not(.elementor-widget-divider--view-line) .elementor-divider-separator:after,.elementor-widget-divider--separator-type-pattern:not(.elementor-widget-divider--view-line) .elementor-divider-separator:before,.elementor-widget-divider--separator-type-pattern:not([class*=elementor-widget-divider--view]) .elementor-divider-separator{width:100%;min-height:var(--divider-pattern-height);-webkit-mask-size:var(--divider-pattern-size) 100%;mask-size:var(--divider-pattern-size) 100%;-webkit-mask-repeat:var(--divider-pattern-repeat);mask-repeat:var(--divider-pattern-repeat);background-color:var(--divider-color);-webkit-mask-image:var(--divider-pattern-url);mask-image:var(--divider-pattern-url)}.elementor-widget-divider--no-spacing{--divider-pattern-size:auto}.elementor-widget-divider--bg-round{--divider-pattern-repeat:round}.rtl .elementor-widget-divider .elementor-divider__text{direction:rtl}.e-con-inner>.elementor-widget-divider,.e-con>.elementor-widget-divider{width:var(--container-widget-width,100%)}<\/style>\t\t<div class=\"elementor-divider\">\n\t\t\t<span class=\"elementor-divider-separator\">\n\t\t\t\t\t\t<\/span>\n\t\t<\/div>\n\t\t\t\t<\/div>\n\t\t\t\t<\/div>\n\t\t\t\t<section class=\"elementor-section elementor-inner-section elementor-element elementor-element-65d5ee4 elementor-section-boxed elementor-section-height-default elementor-section-height-default\" data-id=\"65d5ee4\" data-element_type=\"section\">\n\t\t\t\t\t\t<div class=\"elementor-container elementor-column-gap-default\">\n\t\t\t\t\t<div class=\"elementor-column elementor-col-50 elementor-inner-column elementor-element elementor-element-79a13d6\" data-id=\"79a13d6\" data-element_type=\"column\">\n\t\t\t<div class=\"elementor-widget-wrap elementor-element-populated\">\n\t\t\t\t\t\t\t\t<div class=\"elementor-element elementor-element-c318382 elementor-widget elementor-widget-text-editor\" data-id=\"c318382\" data-element_type=\"widget\" data-widget_type=\"text-editor.default\">\n\t\t\t\t<div class=\"elementor-widget-container\">\n\t\t\t<style>\/*! elementor - v3.8.1 - 13-11-2022 *\/\n.elementor-widget-text-editor.elementor-drop-cap-view-stacked .elementor-drop-cap{background-color:#818a91;color:#fff}.elementor-widget-text-editor.elementor-drop-cap-view-framed .elementor-drop-cap{color:#818a91;border:3px solid;background-color:transparent}.elementor-widget-text-editor:not(.elementor-drop-cap-view-default) .elementor-drop-cap{margin-top:8px}.elementor-widget-text-editor:not(.elementor-drop-cap-view-default) .elementor-drop-cap-letter{width:1em;height:1em}.elementor-widget-text-editor .elementor-drop-cap{float:left;text-align:center;line-height:1;font-size:50px}.elementor-widget-text-editor .elementor-drop-cap-letter{display:inline-block}<\/style>\t\t\t\t<p>Wir arbeiten mit modernen Logistikzentren in der Gegend von Thessaloniki (Gefyra und Kalochori) und Athen (Aspropyrgos und Oinophyta) zusammen. Diese hochmodernen Lagereinrichtungen bieten integrierte Lagerdienstleistungen f\u00fcr unsere Kunden, die unserem Unternehmen vertrauen Niveau der Drittlogistik.<\/p>\t\t\t\t\t\t<\/div>\n\t\t\t\t<\/div>\n\t\t\t\t\t<\/div>\n\t\t<\/div>\n\t\t\t\t<div class=\"elementor-column elementor-col-50 elementor-inner-column elementor-element elementor-element-4bbb8f6\" data-id=\"4bbb8f6\" data-element_type=\"column\">\n\t\t\t<div class=\"elementor-widget-wrap elementor-element-populated\">\n\t\t\t\t\t\t\t\t<div class=\"elementor-element elementor-element-d176a6a elementor-widget elementor-widget-image\" data-id=\"d176a6a\" data-element_type=\"widget\" data-widget_type=\"image.default\">\n\t\t\t\t<div class=\"elementor-widget-container\">\n\t\t\t<style>\/*! elementor - v3.8.1 - 13-11-2022 *\/\n.elementor-widget-image{text-align:center}.elementor-widget-image a{display:inline-block}.elementor-widget-image a img[src$=\".svg\"]{width:48px}.elementor-widget-image img{vertical-align:middle;display:inline-block}<\/style>\t\t\t\t\t\t\t\t\t\t\t\t<img decoding=\"async\" width=\"1024\" height=\"768\" src=\"https:\/\/www.bestlogistics-north.gr\/wp-content\/uploads\/2024\/01\/shutterstock_539530189-min-1024x768.jpg\" class=\"attachment-large size-large\" alt=\"\" srcset=\"https:\/\/www.bestlogistics-north.gr\/wp-content\/uploads\/2024\/01\/shutterstock_539530189-min-1024x768.jpg 1024w, https:\/\/www.bestlogistics-north.gr\/wp-content\/uploads\/2024\/01\/shutterstock_539530189-min-300x225.jpg 300w, https:\/\/www.bestlogistics-north.gr\/wp-content\/uploads\/2024\/01\/shutterstock_539530189-min-768x576.jpg 768w, https:\/\/www.bestlogistics-north.gr\/wp-content\/uploads\/2024\/01\/shutterstock_539530189-min-1536x1152.jpg 1536w, https:\/\/www.bestlogistics-north.gr\/wp-content\/uploads\/2024\/01\/shutterstock_539530189-min-2048x1536.jpg 2048w\" sizes=\"(max-width: 1024px) 100vw, 1024px\" \/>\t\t\t\t\t\t\t\t\t\t\t\t\t\t\t<\/div>\n\t\t\t\t<\/div>\n\t\t\t\t\t<\/div>\n\t\t<\/div>\n\t\t\t\t\t\t\t<\/div>\n\t\t<\/section>\n\t\t\t\t<section class=\"elementor-section elementor-inner-section elementor-element elementor-element-fec54b7 elementor-section-boxed elementor-section-height-default elementor-section-height-default\" data-id=\"fec54b7\" data-element_type=\"section\">\n\t\t\t\t\t\t<div class=\"elementor-container elementor-column-gap-default\">\n\t\t\t\t\t<div class=\"elementor-column elementor-col-50 elementor-inner-column elementor-element elementor-element-16105bd\" data-id=\"16105bd\" data-element_type=\"column\">\n\t\t\t<div class=\"elementor-widget-wrap elementor-element-populated\">\n\t\t\t\t\t\t\t\t<div class=\"elementor-element elementor-element-0ef867e elementor-widget elementor-widget-image\" data-id=\"0ef867e\" data-element_type=\"widget\" data-widget_type=\"image.default\">\n\t\t\t\t<div class=\"elementor-widget-container\">\n\t\t\t\t\t\t\t\t\t\t\t\t\t\t\t<img decoding=\"async\" width=\"1024\" height=\"682\" src=\"https:\/\/www.bestlogistics-north.gr\/wp-content\/uploads\/2024\/01\/shutterstock_1915084129-min-1024x682.jpg\" class=\"attachment-large size-large\" alt=\"\" srcset=\"https:\/\/www.bestlogistics-north.gr\/wp-content\/uploads\/2024\/01\/shutterstock_1915084129-min-1024x682.jpg 1024w, https:\/\/www.bestlogistics-north.gr\/wp-content\/uploads\/2024\/01\/shutterstock_1915084129-min-300x200.jpg 300w, https:\/\/www.bestlogistics-north.gr\/wp-content\/uploads\/2024\/01\/shutterstock_1915084129-min-768x512.jpg 768w, https:\/\/www.bestlogistics-north.gr\/wp-content\/uploads\/2024\/01\/shutterstock_1915084129-min-1536x1024.jpg 1536w, https:\/\/www.bestlogistics-north.gr\/wp-content\/uploads\/2024\/01\/shutterstock_1915084129-min-2048x1365.jpg 2048w\" sizes=\"(max-width: 1024px) 100vw, 1024px\" \/>\t\t\t\t\t\t\t\t\t\t\t\t\t\t\t<\/div>\n\t\t\t\t<\/div>\n\t\t\t\t\t<\/div>\n\t\t<\/div>\n\t\t\t\t<div class=\"elementor-column elementor-col-50 elementor-inner-column elementor-element elementor-element-2a88811\" data-id=\"2a88811\" data-element_type=\"column\">\n\t\t\t<div class=\"elementor-widget-wrap elementor-element-populated\">\n\t\t\t\t\t\t\t\t<div class=\"elementor-element elementor-element-45e28ca elementor-widget elementor-widget-text-editor\" data-id=\"45e28ca\" data-element_type=\"widget\" data-widget_type=\"text-editor.default\">\n\t\t\t\t<div class=\"elementor-widget-container\">\n\t\t\t\t\t\t\t<p>Im Lagerbereich gibt es eine EDV-Unterst\u00fctzung durch ein modernes Warehouse-Management-System (WMS), das elektronische Updates des EDV-Systems des Kunden mit Informationen wie Lagerbestandsniveaus pro Code, Buchhaltungsbuchungen, t\u00e4gliche Dokumente (Lieferscheine) usw. erm\u00f6glicht.<\/p><p>\u200e\u200eDas Lagerzentrum ist mit Sicherheitssystemen und 24-Stunden-\u00dcberwachung ausgestattet, um die bestm\u00f6gliche Sicherheit der dort gelagerten G\u00fcter zu gew\u00e4hrleisten. Dar\u00fcber hinaus ist f\u00fcr alle Geb\u00e4udeanlagen und gelagerten G\u00fcter eine umfassende Versicherungsdeckung vorgesehen.<\/p>\t\t\t\t\t\t<\/div>\n\t\t\t\t<\/div>\n\t\t\t\t\t<\/div>\n\t\t<\/div>\n\t\t\t\t\t\t\t<\/div>\n\t\t<\/section>\n\t\t\t\t\t<\/div>\n\t\t<\/div>\n\t\t\t\t\t\t\t<\/div>\n\t\t<\/section>\n\t\t\t\t\t\t\t<\/div>\n\t\t","protected":false},"excerpt":{"rendered":"<p>Logistik Wir arbeiten mit modernen Logistikzentren in der Gegend von Thessaloniki (Gefyra und Kalochori) und Athen (Aspropyrgos und Oinophyta) zusammen. Diese hochmodernen Lagereinrichtungen bieten integrierte Lagerdienstleistungen f\u00fcr unsere Kunden, die unserem Unternehmen vertrauen Niveau der Drittlogistik. Im Lagerbereich gibt es eine EDV-Unterst\u00fctzung durch ein modernes Warehouse-Management-System (WMS), das elektronische Updates des EDV-Systems des Kunden mit [&hellip;]<\/p>\n","protected":false},"author":1,"featured_media":0,"parent":0,"menu_order":0,"comment_status":"closed","ping_status":"closed","template":"","meta":{"site-sidebar-layout":"no-sidebar","site-content-layout":"page-builder","ast-global-header-display":"","ast-main-header-display":"","ast-hfb-above-header-display":"","ast-hfb-below-header-display":"","ast-hfb-mobile-header-display":"","site-post-title":"disabled","ast-breadcrumbs-content":"","ast-featured-img":"disabled","footer-sml-layout":"","theme-transparent-header-meta":"","adv-header-id-meta":"","stick-header-meta":"","header-above-stick-meta":"","header-main-stick-meta":"","header-below-stick-meta":""},"yoast_head":"<!-- This site is optimized with the Yoast SEO plugin v19.14 - https:\/\/yoast.com\/wordpress\/plugins\/seo\/ -->\n<title>Logistik - Best Logistics North<\/title>\n<meta name=\"robots\" content=\"index, follow, max-snippet:-1, max-image-preview:large, max-video-preview:-1\" \/>\n<link rel=\"canonical\" href=\"https:\/\/www.bestlogistics-north.gr\/de\/logistik\/\" \/>\n<meta property=\"og:locale\" content=\"de_DE\" \/>\n<meta property=\"og:type\" content=\"article\" \/>\n<meta property=\"og:title\" content=\"Logistik - Best Logistics North\" \/>\n<meta property=\"og:description\" content=\"Logistik Wir arbeiten mit modernen Logistikzentren in der Gegend von Thessaloniki (Gefyra und Kalochori) und Athen (Aspropyrgos und Oinophyta) zusammen. Diese hochmodernen Lagereinrichtungen bieten integrierte Lagerdienstleistungen f\u00fcr unsere Kunden, die unserem Unternehmen vertrauen Niveau der Drittlogistik. Im Lagerbereich gibt es eine EDV-Unterst\u00fctzung durch ein modernes Warehouse-Management-System (WMS), das elektronische Updates des EDV-Systems des Kunden mit [&hellip;]\" \/>\n<meta property=\"og:url\" content=\"https:\/\/www.bestlogistics-north.gr\/de\/logistik\/\" \/>\n<meta property=\"og:site_name\" content=\"Best Logistics North\" \/>\n<meta property=\"article:modified_time\" content=\"2024-04-11T11:53:31+00:00\" \/>\n<meta property=\"og:image\" content=\"https:\/\/www.bestlogistics-north.gr\/wp-content\/uploads\/2024\/01\/shutterstock_539530189-min-1024x768.jpg\" \/>\n<meta name=\"twitter:card\" content=\"summary_large_image\" \/>\n<meta name=\"twitter:label1\" content=\"Gesch\u00e4tzte Lesezeit\" \/>\n\t<meta name=\"twitter:data1\" content=\"1 Minute\" \/>\n<script type=\"application\/ld+json\" class=\"yoast-schema-graph\">{\"@context\":\"https:\/\/schema.org\",\"@graph\":[{\"@type\":\"WebPage\",\"@id\":\"https:\/\/www.bestlogistics-north.gr\/de\/logistik\/\",\"url\":\"https:\/\/www.bestlogistics-north.gr\/de\/logistik\/\",\"name\":\"Logistik - Best Logistics North\",\"isPartOf\":{\"@id\":\"https:\/\/www.bestlogistics-north.gr\/#website\"},\"datePublished\":\"2022-12-01T11:50:31+00:00\",\"dateModified\":\"2024-04-11T11:53:31+00:00\",\"breadcrumb\":{\"@id\":\"https:\/\/www.bestlogistics-north.gr\/de\/logistik\/#breadcrumb\"},\"inLanguage\":\"de-DE\",\"potentialAction\":[{\"@type\":\"ReadAction\",\"target\":[\"https:\/\/www.bestlogistics-north.gr\/de\/logistik\/\"]}]},{\"@type\":\"BreadcrumbList\",\"@id\":\"https:\/\/www.bestlogistics-north.gr\/de\/logistik\/#breadcrumb\",\"itemListElement\":[{\"@type\":\"ListItem\",\"position\":1,\"name\":\"Home\",\"item\":\"https:\/\/www.bestlogistics-north.gr\/de\/\"},{\"@type\":\"ListItem\",\"position\":2,\"name\":\"Logistik\"}]},{\"@type\":\"WebSite\",\"@id\":\"https:\/\/www.bestlogistics-north.gr\/#website\",\"url\":\"https:\/\/www.bestlogistics-north.gr\/\",\"name\":\"Best Logistics North\",\"description\":\"\",\"publisher\":{\"@id\":\"https:\/\/www.bestlogistics-north.gr\/#organization\"},\"potentialAction\":[{\"@type\":\"SearchAction\",\"target\":{\"@type\":\"EntryPoint\",\"urlTemplate\":\"https:\/\/www.bestlogistics-north.gr\/?s={search_term_string}\"},\"query-input\":\"required name=search_term_string\"}],\"inLanguage\":\"de-DE\"},{\"@type\":\"Organization\",\"@id\":\"https:\/\/www.bestlogistics-north.gr\/#organization\",\"name\":\"Best Logistics North\",\"url\":\"https:\/\/www.bestlogistics-north.gr\/\",\"logo\":{\"@type\":\"ImageObject\",\"inLanguage\":\"de-DE\",\"@id\":\"https:\/\/www.bestlogistics-north.gr\/#\/schema\/logo\/image\/\",\"url\":\"https:\/\/www.bestlogistics-north.gr\/wp-content\/uploads\/2022\/12\/logo.png\",\"contentUrl\":\"https:\/\/www.bestlogistics-north.gr\/wp-content\/uploads\/2022\/12\/logo.png\",\"width\":488,\"height\":84,\"caption\":\"Best Logistics North\"},\"image\":{\"@id\":\"https:\/\/www.bestlogistics-north.gr\/#\/schema\/logo\/image\/\"}}]}<\/script>\n<!-- \/ Yoast SEO plugin. -->","yoast_head_json":{"title":"Logistik - Best Logistics North","robots":{"index":"index","follow":"follow","max-snippet":"max-snippet:-1","max-image-preview":"max-image-preview:large","max-video-preview":"max-video-preview:-1"},"canonical":"https:\/\/www.bestlogistics-north.gr\/de\/logistik\/","og_locale":"de_DE","og_type":"article","og_title":"Logistik - Best Logistics North","og_description":"Logistik Wir arbeiten mit modernen Logistikzentren in der Gegend von Thessaloniki (Gefyra und Kalochori) und Athen (Aspropyrgos und Oinophyta) zusammen. Diese hochmodernen Lagereinrichtungen bieten integrierte Lagerdienstleistungen f\u00fcr unsere Kunden, die unserem Unternehmen vertrauen Niveau der Drittlogistik. Im Lagerbereich gibt es eine EDV-Unterst\u00fctzung durch ein modernes Warehouse-Management-System (WMS), das elektronische Updates des EDV-Systems des Kunden mit [&hellip;]","og_url":"https:\/\/www.bestlogistics-north.gr\/de\/logistik\/","og_site_name":"Best Logistics North","article_modified_time":"2024-04-11T11:53:31+00:00","og_image":[{"url":"https:\/\/www.bestlogistics-north.gr\/wp-content\/uploads\/2024\/01\/shutterstock_539530189-min-1024x768.jpg"}],"twitter_card":"summary_large_image","twitter_misc":{"Gesch\u00e4tzte Lesezeit":"1 Minute"},"schema":{"@context":"https:\/\/schema.org","@graph":[{"@type":"WebPage","@id":"https:\/\/www.bestlogistics-north.gr\/de\/logistik\/","url":"https:\/\/www.bestlogistics-north.gr\/de\/logistik\/","name":"Logistik - Best Logistics North","isPartOf":{"@id":"https:\/\/www.bestlogistics-north.gr\/#website"},"datePublished":"2022-12-01T11:50:31+00:00","dateModified":"2024-04-11T11:53:31+00:00","breadcrumb":{"@id":"https:\/\/www.bestlogistics-north.gr\/de\/logistik\/#breadcrumb"},"inLanguage":"de-DE","potentialAction":[{"@type":"ReadAction","target":["https:\/\/www.bestlogistics-north.gr\/de\/logistik\/"]}]},{"@type":"BreadcrumbList","@id":"https:\/\/www.bestlogistics-north.gr\/de\/logistik\/#breadcrumb","itemListElement":[{"@type":"ListItem","position":1,"name":"Home","item":"https:\/\/www.bestlogistics-north.gr\/de\/"},{"@type":"ListItem","position":2,"name":"Logistik"}]},{"@type":"WebSite","@id":"https:\/\/www.bestlogistics-north.gr\/#website","url":"https:\/\/www.bestlogistics-north.gr\/","name":"Best Logistics North","description":"","publisher":{"@id":"https:\/\/www.bestlogistics-north.gr\/#organization"},"potentialAction":[{"@type":"SearchAction","target":{"@type":"EntryPoint","urlTemplate":"https:\/\/www.bestlogistics-north.gr\/?s={search_term_string}"},"query-input":"required name=search_term_string"}],"inLanguage":"de-DE"},{"@type":"Organization","@id":"https:\/\/www.bestlogistics-north.gr\/#organization","name":"Best Logistics North","url":"https:\/\/www.bestlogistics-north.gr\/","logo":{"@type":"ImageObject","inLanguage":"de-DE","@id":"https:\/\/www.bestlogistics-north.gr\/#\/schema\/logo\/image\/","url":"https:\/\/www.bestlogistics-north.gr\/wp-content\/uploads\/2022\/12\/logo.png","contentUrl":"https:\/\/www.bestlogistics-north.gr\/wp-content\/uploads\/2022\/12\/logo.png","width":488,"height":84,"caption":"Best Logistics North"},"image":{"@id":"https:\/\/www.bestlogistics-north.gr\/#\/schema\/logo\/image\/"}}]}},"_links":{"self":[{"href":"https:\/\/www.bestlogistics-north.gr\/de\/wp-json\/wp\/v2\/pages\/1954"}],"collection":[{"href":"https:\/\/www.bestlogistics-north.gr\/de\/wp-json\/wp\/v2\/pages"}],"about":[{"href":"https:\/\/www.bestlogistics-north.gr\/de\/wp-json\/wp\/v2\/types\/page"}],"author":[{"embeddable":true,"href":"https:\/\/www.bestlogistics-north.gr\/de\/wp-json\/wp\/v2\/users\/1"}],"replies":[{"embeddable":true,"href":"https:\/\/www.bestlogistics-north.gr\/de\/wp-json\/wp\/v2\/comments?post=1954"}],"version-history":[{"count":50,"href":"https:\/\/www.bestlogistics-north.gr\/de\/wp-json\/wp\/v2\/pages\/1954\/revisions"}],"predecessor-version":[{"id":4121,"href":"https:\/\/www.bestlogistics-north.gr\/de\/wp-json\/wp\/v2\/pages\/1954\/revisions\/4121"}],"wp:attachment":[{"href":"https:\/\/www.bestlogistics-north.gr\/de\/wp-json\/wp\/v2\/media?parent=1954"}],"curies":[{"name":"wp","href":"https:\/\/api.w.org\/{rel}","templated":true}]}}